{"id":127,"date":"2021-09-13T14:21:03","date_gmt":"2021-09-13T14:21:03","guid":{"rendered":"https:\/\/doclisboa.org\/2021\/?page_id=127"},"modified":"2021-10-17T15:18:13","modified_gmt":"2021-10-17T15:18:13","slug":"team","status":"publish","type":"page","link":"https:\/\/doclisboa.org\/2021\/en\/doclisboa\/team\/","title":{"rendered":"Team"},"content":{"rendered":"<p><strong>Organisation<\/strong><br \/>\nApordoc \u2013 Associa\u00e7\u00e3o pelo Document\u00e1rio<\/p>\n<p><strong>Co-Production<\/strong><br \/>\nCinema S\u00e3o Jorge<br \/>\nCulturgest<br \/>\nCinemateca Portuguesa<\/p>\n<p><a href=\"mailto:direccao@doclisboa.org\"><strong>Directors<\/strong><\/a><br \/>\nJoana Gusm\u00e3o<br \/>\nJoana Sousa<br \/>\nMiguel Ribeiro<\/p>\n<p><strong>Production Director<\/strong><br \/>\n<a href=\"mailto:dirproducao@doclisboa.org\">Hannya Melo<\/a><\/p>\n<p><strong>Ulrike Ottinger Retrospective Curator<\/strong><br \/>\nBoris Nelepo<\/p>\n<p><strong>Cecilia Mangini Retrospective Curator<\/strong><br \/>\nJoana de Sousa<br \/>\nLuciana Fina<br \/>\nNuno Sena<\/p>\n<p><strong>Associated Programmer<\/strong><br \/>\nManuel Mozos<\/p>\n<p><strong>Programme Coordinators and Print Traffic<\/strong><br \/>\n<a href=\"mailto:programme@localhost\">Sara Marques<\/a><br \/>\n<a href=\"mailto:assist.programme@doclisboa.org\">Rodrigo Pedro<\/a>\u00a0(Assistant)<br \/>\nMartim Nunes (Assistant)<\/p>\n<p><strong>Programme<\/strong><br \/>\nAmarante Abramovici<br \/>\nAna Pereira<br \/>\nBoris Nelepo<br \/>\nGlenda Balucani<br \/>\nJoana Gusm\u00e3o<br \/>\nJoana Sousa<br \/>\nLuca D\u2019Introno<br \/>\nMiguel Ribeiro<br \/>\nRodrigo Pedro<br \/>\nSara Marques<br \/>\nTom\u00e1s Baltazar<\/p>\n<p><strong>Brazilian Cinematheque Programme Curator<\/strong><br \/>\nSergio Silva<\/p>\n<p><strong>Egyptian Women in Film: Perspectives from 1970 to Today Programme<\/strong> Curator<br \/>\nMathilde Rouxel<\/p>\n<p><strong>Passages Exhibition Project<\/strong><br \/>\nFabio Baldo<\/p>\n<p><strong>Communication and Press<\/strong><br \/>\n<a href=\"mailto:comunicacao@doclisboa.org\">Patr\u00edcia Cuan<\/a>\u00a0(Coordinator)<br \/>\nCentral de Informa\u00e7\u00e3o (Press Consultancy)<br \/>\nGloria Zerbinati (International Press)<br \/>\nCatarina Cal\u00e7as (Assistant)<br \/>\nJoana Borges (Assistant)<\/p>\n<p><strong>Doc Alliance Coordinator<\/strong><br \/>\n<a href=\"mailto:ana.pereira@doclisboa.org\">Ana Pereira<\/a><\/p>\n<p><strong>Nebulae<\/strong><br \/>\n<a href=\"mailto:industry@doclisboa.org\">Glenda Balucani<\/a>\u00a0(Coordinator)<br \/>\nLaura Lomanto (Production)<br \/>\nPedro Gon\u00e7alves (Assistant)<\/p>\n<p><strong>Arch\u00e9<\/strong><br \/>\n<a href=\"mailto:arche@apordoc.org\">Ana Pereira<\/a>\u00a0(Coordinator)<br \/>\nC\u00edntia Gil, Diana Toucedo, Elena Oroz, Mariana Ricardo, Virginia Garc\u00eda del Pino (Tutors)<\/p>\n<p><strong>Parallel Activities and Administration<\/strong><br \/>\n<a href=\"mailto:luca.dintrono@doclisboa.org\">Luca D\u2019Introno<\/a><\/p>\n<p><strong>Production<\/strong><br \/>\nPriscila Carvalho<br \/>\nAriana Abra\u00e3o (Assistant)<br \/>\nEduarda Nader (Assistant)<\/p>\n<p><strong>Technical Director<\/strong><br \/>\nLucas de Lima (Coordinator)<br \/>\nAfonso Gaud\u00eancio<\/p>\n<p><strong>Print Traffic<\/strong><br \/>\nRui Pereira<\/p>\n<p><strong>Guest Office<\/strong><br \/>\nMaria Paula Moraes<br \/>\nEmanuela Chinelli (Assistant)<br \/>\nMadalena Duarte (Assistant)<\/p>\n<p><strong>Educational Project<\/strong><br \/>\n<a href=\"mailto:projecto.educativo@doclisboa.org\">Maria Jo\u00e3o Malheiro<\/a>\u00a0(Coordinator)<br \/>\nAlexandra Barbosa (Assistant)<br \/>\nSofia Salles (Assistant)<\/p>\n<p><strong>Projectionists<\/strong><br \/>\nAbel Arnaut<br \/>\nCarlos Manuel Fernandes<\/p>\n<p><strong>Publications<\/strong><br \/>\nNuno Ventura Barbosa (Coordinator and Editor)<\/p>\n<p><strong>Translations<\/strong><br \/>\nNuno Ventura Barbosa<\/p>\n<p><strong>Graphic Design<\/strong><br \/>\nPedro Nora<\/p>\n<p><strong>Educational Project Graphic Design<\/strong><br \/>\nClaudia Lancaster<\/p>\n<p><strong>Website<\/strong><br \/>\nSara Orsi<\/p>\n<p><strong>IT Support<\/strong><br \/>\nNelson Lopes \u2013 naoarranca.com<\/p>\n<p><strong>Video Spot<\/strong><br \/>\nDoclisboa Team<\/p>\n<p><strong>Photography<\/strong><br \/>\nGon\u00e7alo Castelo Soares<br \/>\n\u00cdris Caba\u00e7a<\/p>\n<p><strong>Audiovisual Coverage<\/strong><br \/>\nEscola Art\u00edstica Ant\u00f3nio Arroios<br \/>\nEscola de Tecnologias Inova\u00e7\u00e3o e Criatividade \u2013 ETIC<\/p>\n<p><strong>Translation<\/strong><br \/>\nAdriano Smaldone<br \/>\nAlexandre Batista<br \/>\nAndr\u00e9 Moreira<br \/>\nCl\u00e1udia Pinto<br \/>\nGuilherme Monteiro<br \/>\nIn\u00eas Cardoso Gon\u00e7alves<br \/>\nJoana Galhardas<br \/>\nLeonel Duarte<br \/>\nMadalena Rebelo<br \/>\nMarta Lisboa<br \/>\nPatr\u00edcia Pimentel<br \/>\nPaulo da Fonseca<br \/>\nS\u00f3nia Antunes<\/p>\n<p><strong>Live Captioning<\/strong><br \/>\nAlexandre Baptista<br \/>\nCl\u00e1udia Pinto<br \/>\nEduardo da Motta<br \/>\nMariana Bas\u00edlio<br \/>\nPatr\u00edcia Pimentel<br \/>\nS\u00f3nia Antunes<\/p>\n<p><strong>Ticket Office Management<\/strong><br \/>\nBruno Sousa<\/p>\n<p><strong>Cinema Supervisors<\/strong><br \/>\nCarolina Rainho (Culturgest)<br \/>\nLiliana Baroni (Cinema S\u00e3o Jorge)<br \/>\nMiguel Couto (Cinema City Campo Pequeno)<\/p>\n<p><strong>Volunteers Coordinator<\/strong><br \/>\nJuliana Castro<\/p>\n<p><strong>Drivers<\/strong><br \/>\nAfonso Martins (Coordinator)<br \/>\nJos\u00e9 Vozone<br \/>\nMiguel Aido<\/p>\n<p><strong>Treasurer and Accounting<\/strong><br \/>\nAna Flores \u2013 Enumerarte<\/p>\n<p><strong>Volunteers<\/strong><br \/>\nAdriana Passos Mendon\u00e7a<br \/>\nAfonso \u00c9vora<br \/>\nAna Catarina Zeferino Moura<br \/>\nAna Cec\u00edlia Azevedo<br \/>\nAna Machado<br \/>\nAna Nave<br \/>\nAna Rita Martins Dias<br \/>\nAna Rita Nobre<br \/>\nAnast\u00e1cia Semenyuk<br \/>\nAntonio L\u00f3pez<br \/>\nAshleigh da Silva<br \/>\nBibiana Leufgen<br \/>\nBruna Machado<br \/>\nBruna Soares<br \/>\nCarolina Chora Alves<br \/>\nCatarina Aguiar Costa<br \/>\nCatarina Alexandra Caim de Almeida<br \/>\nClara Alves<br \/>\nDaniela Atan\u00e1sio<br \/>\nDiogo Palma<br \/>\nDuarte Rolo<br \/>\nFelipe Andrade<br \/>\nFrancisca Sim\u00f5es<br \/>\nFrancisco Costa e Silva<br \/>\nFrancisco Henriques Santos Gomes<br \/>\nGon\u00e7alo Constantino Ruivo<br \/>\nIn\u00eas Correia<br \/>\nIn\u00eas Lira<br \/>\nIsabel Brazinha<br \/>\nJoana Silva<br \/>\nJoana Vicente<br \/>\nJo\u00e3o Alves<br \/>\nJo\u00e3o de Brito Pires Antunes<br \/>\nJos\u00e9 Miguel Vaz da Silva Lameiras<br \/>\nKatharina Brackemann<br \/>\nKenia Nunes<br \/>\nLaura Lemos<br \/>\nLaura Pereira<br \/>\nLeen Van den Bogaert<br \/>\nLuiza Caxiano<br \/>\nMadalena Cl\u00e1udio Henriques<br \/>\nMadalena Patuleia Brito<br \/>\nMalambi Santana<br \/>\nMara Jos\u00e9 Correia<br \/>\nM\u00e1rcia Tra\u00e7a<br \/>\nMargarida Nabais<br \/>\nMargarida Pimenta Ferreira Gon\u00e7alves<br \/>\nMargarida Sofia Papan\u00e7a Almeida<br \/>\nMaria Catarina Teixeira<br \/>\nMariana Gabriel<br \/>\nMariana Martins Filipe<br \/>\nMarta Belga Robalo<br \/>\nMatilde Zoccoli<br \/>\nMerc\u00eas Castelo-Branco<br \/>\nMiguel Batista<br \/>\nMiguel Chor\u00e3o<br \/>\nMiguel Nunes<br \/>\nM\u00f3nica Cepeda<br \/>\nNadejda Chmakova<br \/>\nNicolau Lobato<br \/>\nPedro Galhardo<br \/>\nRafael Rodrigues<br \/>\nRebecca Moreno<br \/>\nRia Eker<br \/>\nRita Fernandes<br \/>\nSim\u00e3o Pamplona<br \/>\nStefanie Auer<br \/>\nVasco Ferreira<br \/>\nVasco Passanha<br \/>\nVera Calado Rosa Amaral Ferraz<br \/>\nVera Nickelsen<br \/>\nYuna Lopes Le Qu\u00e9r\u00e9<\/p>\n","protected":false},"excerpt":{"rendered":"<p>Organisation Apordoc \u2013 Associa\u00e7\u00e3o pelo Document\u00e1rio Co-Production Cinema S\u00e3o Jorge Culturgest Cinemateca Portuguesa Directors Joana Gusm\u00e3o Joana Sousa Miguel Ribeiro Production Director Hannya Melo Ulrike Ottinger Retrospective Curator Boris Nelepo Cecilia Mangini Retrospective Curator Joana de Sousa Luciana Fina Nuno Sena Associated Programmer Manuel Mozos Programme Coordinators and Print Traffic Sara Marques Rodrigo Pedro\u00a0(Assistant) Martim [&hellip;]<\/p>\n","protected":false},"author":1,"featured_media":0,"parent":120,"menu_order":2,"comment_status":"closed","ping_status":"closed","template":"template-texto.php","meta":{"inline_featured_image":false,"_monsterinsights_skip_tracking":false,"_monsterinsights_sitenote_active":false,"_monsterinsights_sitenote_note":"","_monsterinsights_sitenote_category":0,"footnotes":""},"class_list":["post-127","page","type-page","status-publish","hentry"],"acf":[],"yoast_head":"<!-- This site is optimized with the Yoast SEO plugin v17.9 - https:\/\/yoast.com\/wordpress\/plugins\/seo\/ -->\n<meta name=\"robots\" content=\"index, follow, max-snippet:-1, max-image-preview:large, max-video-preview:-1\" \/>\n<link rel=\"canonical\" href=\"https:\/\/doclisboa.org\/2021\/en\/doclisboa\/team\/\" \/>\n<meta property=\"og:locale\" content=\"en_US\" \/>\n<meta property=\"og:type\" content=\"article\" \/>\n<meta property=\"og:title\" content=\"Team - Doclisboa 2021\" \/>\n<meta property=\"og:description\" content=\"Organisation Apordoc \u2013 Associa\u00e7\u00e3o pelo Document\u00e1rio Co-Production Cinema S\u00e3o Jorge Culturgest Cinemateca Portuguesa Directors Joana Gusm\u00e3o Joana Sousa Miguel Ribeiro Production Director Hannya Melo Ulrike Ottinger Retrospective Curator Boris Nelepo Cecilia Mangini Retrospective Curator Joana de Sousa Luciana Fina Nuno Sena Associated Programmer Manuel Mozos Programme Coordinators and Print Traffic Sara Marques Rodrigo Pedro\u00a0(Assistant) Martim [&hellip;]\" \/>\n<meta property=\"og:url\" content=\"https:\/\/doclisboa.org\/2021\/en\/doclisboa\/team\/\" \/>\n<meta property=\"og:site_name\" content=\"Doclisboa 2021\" \/>\n<meta property=\"article:modified_time\" content=\"2021-10-17T15:18:13+00:00\" \/>\n<meta property=\"og:image\" content=\"https:\/\/doclisboa.org\/2021\/wp-content\/uploads\/2021\/10\/cropped-doclisboa-facebook-1800x945.png\" \/>\n\t<meta property=\"og:image:width\" content=\"1800\" \/>\n\t<meta property=\"og:image:height\" content=\"945\" \/>\n\t<meta property=\"og:image:type\" content=\"image\/png\" \/>\n<meta name=\"twitter:card\" content=\"summary_large_image\" \/>\n<meta name=\"twitter:label1\" content=\"Est. reading time\" \/>\n\t<meta name=\"twitter:data1\" content=\"3 minutes\" \/>\n<script type=\"application\/ld+json\" class=\"yoast-schema-graph\">{\"@context\":\"https:\/\/schema.org\",\"@graph\":[{\"@type\":\"Organization\",\"@id\":\"https:\/\/doclisboa.org\/2021\/#organization\",\"name\":\"Doclisboa\",\"url\":\"https:\/\/doclisboa.org\/2021\/\",\"sameAs\":[],\"logo\":{\"@type\":\"ImageObject\",\"@id\":\"https:\/\/doclisboa.org\/2021\/#logo\",\"inLanguage\":\"en-US\",\"url\":\"https:\/\/doclisboa.org\/2021\/wp-content\/uploads\/2021\/10\/banner-mobile-doclisboa.jpg\",\"contentUrl\":\"https:\/\/doclisboa.org\/2021\/wp-content\/uploads\/2021\/10\/banner-mobile-doclisboa.jpg\",\"width\":1800,\"height\":1800,\"caption\":\"Doclisboa\"},\"image\":{\"@id\":\"https:\/\/doclisboa.org\/2021\/#logo\"}},{\"@type\":\"WebSite\",\"@id\":\"https:\/\/doclisboa.org\/2021\/#website\",\"url\":\"https:\/\/doclisboa.org\/2021\/\",\"name\":\"Doclisboa 2021\",\"description\":\"19\\u00ba Festival Internacional de Cinema\",\"publisher\":{\"@id\":\"https:\/\/doclisboa.org\/2021\/#organization\"},\"potentialAction\":[{\"@type\":\"SearchAction\",\"target\":{\"@type\":\"EntryPoint\",\"urlTemplate\":\"https:\/\/doclisboa.org\/2021\/?s={search_term_string}\"},\"query-input\":\"required name=search_term_string\"}],\"inLanguage\":\"en-US\"},{\"@type\":\"WebPage\",\"@id\":\"https:\/\/doclisboa.org\/2021\/en\/doclisboa\/team\/#webpage\",\"url\":\"https:\/\/doclisboa.org\/2021\/en\/doclisboa\/team\/\",\"name\":\"Team - Doclisboa 2021\",\"isPartOf\":{\"@id\":\"https:\/\/doclisboa.org\/2021\/#website\"},\"datePublished\":\"2021-09-13T14:21:03+00:00\",\"dateModified\":\"2021-10-17T15:18:13+00:00\",\"breadcrumb\":{\"@id\":\"https:\/\/doclisboa.org\/2021\/en\/doclisboa\/team\/#breadcrumb\"},\"inLanguage\":\"en-US\",\"potentialAction\":[{\"@type\":\"ReadAction\",\"target\":[\"https:\/\/doclisboa.org\/2021\/en\/doclisboa\/team\/\"]}]},{\"@type\":\"BreadcrumbList\",\"@id\":\"https:\/\/doclisboa.org\/2021\/en\/doclisboa\/team\/#breadcrumb\",\"itemListElement\":[{\"@type\":\"ListItem\",\"position\":1,\"name\":\"In\\u00edcio\",\"item\":\"https:\/\/doclisboa.org\/2021\/\"},{\"@type\":\"ListItem\",\"position\":2,\"name\":\"Doclisboa\",\"item\":\"https:\/\/doclisboa.org\/2021\/en\/doclisboa\/\"},{\"@type\":\"ListItem\",\"position\":3,\"name\":\"Team\"}]}]}<\/script>\n<!-- \/ Yoast SEO plugin. -->","yoast_head_json":{"robots":{"index":"index","follow":"follow","max-snippet":"max-snippet:-1","max-image-preview":"max-image-preview:large","max-video-preview":"max-video-preview:-1"},"canonical":"https:\/\/doclisboa.org\/2021\/en\/doclisboa\/team\/","og_locale":"en_US","og_type":"article","og_title":"Team - Doclisboa 2021","og_description":"Organisation Apordoc \u2013 Associa\u00e7\u00e3o pelo Document\u00e1rio Co-Production Cinema S\u00e3o Jorge Culturgest Cinemateca Portuguesa Directors Joana Gusm\u00e3o Joana Sousa Miguel Ribeiro Production Director Hannya Melo Ulrike Ottinger Retrospective Curator Boris Nelepo Cecilia Mangini Retrospective Curator Joana de Sousa Luciana Fina Nuno Sena Associated Programmer Manuel Mozos Programme Coordinators and Print Traffic Sara Marques Rodrigo Pedro\u00a0(Assistant) Martim [&hellip;]","og_url":"https:\/\/doclisboa.org\/2021\/en\/doclisboa\/team\/","og_site_name":"Doclisboa 2021","article_modified_time":"2021-10-17T15:18:13+00:00","og_image":[{"width":1800,"height":945,"url":"https:\/\/doclisboa.org\/2021\/wp-content\/uploads\/2021\/10\/cropped-doclisboa-facebook-1800x945.png","type":"image\/png"}],"twitter_card":"summary_large_image","twitter_misc":{"Est. reading time":"3 minutes"},"schema":{"@context":"https:\/\/schema.org","@graph":[{"@type":"Organization","@id":"https:\/\/doclisboa.org\/2021\/#organization","name":"Doclisboa","url":"https:\/\/doclisboa.org\/2021\/","sameAs":[],"logo":{"@type":"ImageObject","@id":"https:\/\/doclisboa.org\/2021\/#logo","inLanguage":"en-US","url":"https:\/\/doclisboa.org\/2021\/wp-content\/uploads\/2021\/10\/banner-mobile-doclisboa.jpg","contentUrl":"https:\/\/doclisboa.org\/2021\/wp-content\/uploads\/2021\/10\/banner-mobile-doclisboa.jpg","width":1800,"height":1800,"caption":"Doclisboa"},"image":{"@id":"https:\/\/doclisboa.org\/2021\/#logo"}},{"@type":"WebSite","@id":"https:\/\/doclisboa.org\/2021\/#website","url":"https:\/\/doclisboa.org\/2021\/","name":"Doclisboa 2021","description":"19\u00ba Festival Internacional de Cinema","publisher":{"@id":"https:\/\/doclisboa.org\/2021\/#organization"},"potentialAction":[{"@type":"SearchAction","target":{"@type":"EntryPoint","urlTemplate":"https:\/\/doclisboa.org\/2021\/?s={search_term_string}"},"query-input":"required name=search_term_string"}],"inLanguage":"en-US"},{"@type":"WebPage","@id":"https:\/\/doclisboa.org\/2021\/en\/doclisboa\/team\/#webpage","url":"https:\/\/doclisboa.org\/2021\/en\/doclisboa\/team\/","name":"Team - Doclisboa 2021","isPartOf":{"@id":"https:\/\/doclisboa.org\/2021\/#website"},"datePublished":"2021-09-13T14:21:03+00:00","dateModified":"2021-10-17T15:18:13+00:00","breadcrumb":{"@id":"https:\/\/doclisboa.org\/2021\/en\/doclisboa\/team\/#breadcrumb"},"inLanguage":"en-US","potentialAction":[{"@type":"ReadAction","target":["https:\/\/doclisboa.org\/2021\/en\/doclisboa\/team\/"]}]},{"@type":"BreadcrumbList","@id":"https:\/\/doclisboa.org\/2021\/en\/doclisboa\/team\/#breadcrumb","itemListElement":[{"@type":"ListItem","position":1,"name":"In\u00edcio","item":"https:\/\/doclisboa.org\/2021\/"},{"@type":"ListItem","position":2,"name":"Doclisboa","item":"https:\/\/doclisboa.org\/2021\/en\/doclisboa\/"},{"@type":"ListItem","position":3,"name":"Team"}]}]}},"_links":{"self":[{"href":"https:\/\/doclisboa.org\/2021\/en\/wp-json\/wp\/v2\/pages\/127","targetHints":{"allow":["GET"]}}],"collection":[{"href":"https:\/\/doclisboa.org\/2021\/en\/wp-json\/wp\/v2\/pages"}],"about":[{"href":"https:\/\/doclisboa.org\/2021\/en\/wp-json\/wp\/v2\/types\/page"}],"author":[{"embeddable":true,"href":"https:\/\/doclisboa.org\/2021\/en\/wp-json\/wp\/v2\/users\/1"}],"replies":[{"embeddable":true,"href":"https:\/\/doclisboa.org\/2021\/en\/wp-json\/wp\/v2\/comments?post=127"}],"version-history":[{"count":6,"href":"https:\/\/doclisboa.org\/2021\/en\/wp-json\/wp\/v2\/pages\/127\/revisions"}],"predecessor-version":[{"id":24427,"href":"https:\/\/doclisboa.org\/2021\/en\/wp-json\/wp\/v2\/pages\/127\/revisions\/24427"}],"up":[{"embeddable":true,"href":"https:\/\/doclisboa.org\/2021\/en\/wp-json\/wp\/v2\/pages\/120"}],"wp:attachment":[{"href":"https:\/\/doclisboa.org\/2021\/en\/wp-json\/wp\/v2\/media?parent=127"}],"curies":[{"name":"wp","href":"https:\/\/api.w.org\/{rel}","templated":true}]}}