{"id":289,"date":"2021-09-21T14:27:40","date_gmt":"2021-09-21T14:27:40","guid":{"rendered":"https:\/\/doclisboa.org\/2021\/?page_id=289"},"modified":"2021-10-13T12:49:54","modified_gmt":"2021-10-13T12:49:54","slug":"tickets","status":"publish","type":"page","link":"https:\/\/doclisboa.org\/2021\/en\/informations\/tickets\/","title":{"rendered":"Tickets"},"content":{"rendered":"<h3>On-line<\/h3>\n<p>Tickets on sale from October 7.<\/p>\n<p>For sessions at Culturgest and Cinema S\u00e3o Jorge at <a href=\"https:\/\/ticketline.sapo.pt\/pesquisa?query=doclisboa&#038;district=&#038;venue=&#038;category=&#038;from=&#038;to=\" rel=\"noopener\" target=\"_blank\">ticketline.sapo.pt<\/a>.<br \/>\nFor sessions at Cinemateca Portuguesa and Museu do Oriente at <a href=\"https:\/\/bol.pt\/Comprar\/Pesquisa?q=doclisboa&#038;dist=0&#038;e=0\" rel=\"noopener\" target=\"_blank\">bol.pt<\/a>.<br \/>\nFor sessions at Cinema City Campo Pequeno at <a href=\"https:\/\/www.cinemacity.pt\/editorial\/cinema-city-campo-pequeno\/\" rel=\"noopener\" target=\"_blank\">cinemacity.pt<\/a> or with the Cinema City app.<\/p>\n<h3>On-site<\/h3>\n<p>Tickets on sale from October 7 at with the exception of Cinema S\u00e3o Jorge and Cinema City Campo Pequeno.<\/p>\n<p>The central ticket offices at Culturgest and Cinema S\u00e3o Jorge sell tickets for all Doclisboa sessions. In the case of Cinemateca Portuguesa, Cinema Ideal, Museu do Oriente and Cinema City Campo Pequeno only until the day prior to the session (on the day of the session the ticket must be bought at each venue\u2019s ticket office).<\/p>\n<p>Tickets can also be purchased at ticketline\u2019s partners: A.B.E.P., Altice F\u00f3rum Braga, ASK ME Lisboa, Students Association of the Faculty of Medicine of the University of Lisbon, Cascais Visitor Center, Casino Lisboa, Ceetrus \u2013 Sintra and Montijo, Centro Cultural de Bel\u00e9m, E. Leclerc Guimar\u00e3es and Famalic\u00e3o, El Corte Ingl\u00e9s, Fnac, Galerias Campo Pequeno, IT-Tabacarias Amadora, Estoril and Almada Forum, MMM Ticket, Mundicenter, Pavilh\u00e3o Multiusos de Guimar\u00e3es, Super Bock Arena \u2013 Pavilh\u00e3o Rosa Mota, SuperCor \u2013 Supermercados, Teatro Tivoli BBVA, Time Out Mercado da Ribeira, U-Ticketline and Worten. Information and bookings: dial +351 1820 (24h)<\/p>\n<p>The Doclisboa book of tickets can be bought at Culturgest or Cinema S\u00e3o Jorge, and can be used for all sessions with the exception of 3D sessions. The exchange for tickets for the sessions at Cinemateca Portuguesa, Cinema Ideal, Museu do Oriente and Cinema City Campo Pequeno can only be made at the central ticket offices and until the day prior to the session. The exchange for tickets is not limited to one per session.<\/p>\n<p>The tickets for the sessions and events with free admittance must be collected on that day and venue.<\/p>\n<h3>Ticket prices<\/h3>\n<p><strong>No discount tickets<\/strong><br \/>\nNormal ticket \u2013 \u20ac4.50<br \/>\nNormal ticket Cinemateca Portuguesa \u2013 \u20ac3.20<br \/>\nNormal 3D ticket Cinema City Campo Pequeno \u2013 \u20ac6<\/p>\n<p><strong>Discount tickets<\/strong><br \/>\nUnder 30, over 65, unemployed upon presentation of any supporting document and holders of the Gerador card (with the exception of Cinemateca Portuguesa) \u2013 \u20ac3.50 (3D session \u2013 \u20ac5)<br \/>\nStudents, holders of the Cart\u00e3o Jovem card, retired, and pensioners (only at Cinemateca Portuguesa) \u2013 \u20ac2.15<br \/>\nCinemateca Portuguesa members and film students (only at Cinemateca Portuguesa) \u2013 \u20ac1.35<br \/>\nApordoc members upon presentation of the Apordoc Member card and some other identification card (only at Culturgest and Cinema S\u00e3o Jorge) \u2013 \u20ac2<br \/>\nC.M.L. workers (only at Cinema S\u00e3o Jorge) \u2013 \u20ac3.50<br \/>\nSchool groups (at least 10 people) at Cinemateca Portuguesa \u2013 \u20ac1.35. Bookings must be made beforehand at projecto.educativo@doclisboa.org<br \/>\nSchool groups (at least 10 people) at Culturgest and Cinema S\u00e3o Jorge \u2013 \u20ac1. With the exception of the opening and closing sessions. Bookings must be made beforehand at projecto.educativo@doclisboa.org<\/p>\n<p><strong>Cinema of Urgency<\/strong><br \/>\nSession on October 24: general conditions apply.<br \/>\nSessions on October 25 and 26: entry upon donation that will be given, respectively to the Cacerola collective and the Free SZFE collective.<br \/>\nSession on October 27: entry upon donation of foodstuff that will be given to Uni\u00e3o Audiovisual.<\/p>\n<p><strong>Vouchers<\/strong><br \/>\nBook of 5 tickets \u2013 \u20ac16<br \/>\nBook of 10 tickets \u2013 \u20ac30<br \/>\nBook of 20 tickets \u2013 \u20ac55<\/p>\n<p><strong>Accreditations<\/strong><br \/>\nAvailable at doclisboa.org\/2021\/acreditacoes<\/p>\n<p><strong>Docs 4 Kids workshops for families<\/strong><br \/>\nNormal ticket \u2013 \u20ac4.50<br \/>\nApordoc or Inatel Foundation members \u2013 \u20ac3.50<br \/>\nBookings must be made before hand by completing a form available at https:\/\/doclisboa.org\/2021\/ or writing to projecto.educativo@apordoc.org<\/p>\n<p><strong>Docs 4 Kids workshops for schools<\/strong><br \/>\n\u20ac1 per child. Bookings must be made before hand by completing a form available at https:\/\/doclisboa.org\/2021\/ or writing to projecto.educativo@apordoc.org<\/p>\n<p><strong>All films are subtitled in Portuguese and English with the exception of the films Alcindo, Bato Nebo \u2013 Chants to the Gods, Pride, Usinimage, A Voz e o Vazio: a Vez de Vassourinha and With Love #3 and the sessions Carte Blanche Cacerola Collective and O Meu Bairro \u00e9 Lisboa.<\/strong><\/p>\n<p><strong>Festival films rating<\/strong><br \/>\nAll films rated PG-12 except:<br \/>\n&#8211; 918 Nights, Archetypes, The Body Beautiful, The Enchantment of the Blue Sailors, Jackass 3D, Jojo, Madrid, Bad Life, Misconception, Pand\u00e9mica, There\u2019s no Tomorrow, Two Sons and a River of Blood \u2013 R-16;<br \/>\n&#8211; Danse Macabre \u2013 R-18.<\/p>\n<p><strong>Programme may be subject to changes<\/strong><\/p>\n","protected":false},"excerpt":{"rendered":"<p>On-line Tickets on sale from October 7. For sessions at Culturgest and Cinema S\u00e3o Jorge at ticketline.sapo.pt. For sessions at Cinemateca Portuguesa and Museu do Oriente at bol.pt. For sessions at Cinema City Campo Pequeno at cinemacity.pt or with the Cinema City app. On-site Tickets on sale from October 7 at with the exception of [&hellip;]<\/p>\n","protected":false},"author":1,"featured_media":0,"parent":284,"menu_order":1,"comment_status":"closed","ping_status":"closed","template":"template-texto.php","meta":{"inline_featured_image":false,"_monsterinsights_skip_tracking":false,"_monsterinsights_sitenote_active":false,"_monsterinsights_sitenote_note":"","_monsterinsights_sitenote_category":0,"footnotes":""},"class_list":["post-289","page","type-page","status-publish","hentry"],"acf":[],"yoast_head":"<!-- This site is optimized with the Yoast SEO plugin v17.9 - https:\/\/yoast.com\/wordpress\/plugins\/seo\/ -->\n<meta name=\"robots\" content=\"index, follow, max-snippet:-1, max-image-preview:large, max-video-preview:-1\" \/>\n<link rel=\"canonical\" href=\"https:\/\/doclisboa.org\/2021\/en\/informations\/tickets\/\" \/>\n<meta property=\"og:locale\" content=\"en_US\" \/>\n<meta property=\"og:type\" content=\"article\" \/>\n<meta property=\"og:title\" content=\"Tickets - Doclisboa 2021\" \/>\n<meta property=\"og:description\" content=\"On-line Tickets on sale from October 7. For sessions at Culturgest and Cinema S\u00e3o Jorge at ticketline.sapo.pt. For sessions at Cinemateca Portuguesa and Museu do Oriente at bol.pt. For sessions at Cinema City Campo Pequeno at cinemacity.pt or with the Cinema City app. On-site Tickets on sale from October 7 at with the exception of [&hellip;]\" \/>\n<meta property=\"og:url\" content=\"https:\/\/doclisboa.org\/2021\/en\/informations\/tickets\/\" \/>\n<meta property=\"og:site_name\" content=\"Doclisboa 2021\" \/>\n<meta property=\"article:modified_time\" content=\"2021-10-13T12:49:54+00:00\" \/>\n<meta property=\"og:image\" content=\"https:\/\/doclisboa.org\/2021\/wp-content\/uploads\/2021\/10\/cropped-doclisboa-facebook-1800x945.png\" \/>\n\t<meta property=\"og:image:width\" content=\"1800\" \/>\n\t<meta property=\"og:image:height\" content=\"945\" \/>\n\t<meta property=\"og:image:type\" content=\"image\/png\" \/>\n<meta name=\"twitter:card\" content=\"summary_large_image\" \/>\n<meta name=\"twitter:label1\" content=\"Est. reading time\" \/>\n\t<meta name=\"twitter:data1\" content=\"3 minutes\" \/>\n<script type=\"application\/ld+json\" class=\"yoast-schema-graph\">{\"@context\":\"https:\/\/schema.org\",\"@graph\":[{\"@type\":\"Organization\",\"@id\":\"https:\/\/doclisboa.org\/2021\/#organization\",\"name\":\"Doclisboa\",\"url\":\"https:\/\/doclisboa.org\/2021\/\",\"sameAs\":[],\"logo\":{\"@type\":\"ImageObject\",\"@id\":\"https:\/\/doclisboa.org\/2021\/#logo\",\"inLanguage\":\"en-US\",\"url\":\"https:\/\/doclisboa.org\/2021\/wp-content\/uploads\/2021\/10\/banner-mobile-doclisboa.jpg\",\"contentUrl\":\"https:\/\/doclisboa.org\/2021\/wp-content\/uploads\/2021\/10\/banner-mobile-doclisboa.jpg\",\"width\":1800,\"height\":1800,\"caption\":\"Doclisboa\"},\"image\":{\"@id\":\"https:\/\/doclisboa.org\/2021\/#logo\"}},{\"@type\":\"WebSite\",\"@id\":\"https:\/\/doclisboa.org\/2021\/#website\",\"url\":\"https:\/\/doclisboa.org\/2021\/\",\"name\":\"Doclisboa 2021\",\"description\":\"19\\u00ba Festival Internacional de Cinema\",\"publisher\":{\"@id\":\"https:\/\/doclisboa.org\/2021\/#organization\"},\"potentialAction\":[{\"@type\":\"SearchAction\",\"target\":{\"@type\":\"EntryPoint\",\"urlTemplate\":\"https:\/\/doclisboa.org\/2021\/?s={search_term_string}\"},\"query-input\":\"required name=search_term_string\"}],\"inLanguage\":\"en-US\"},{\"@type\":\"WebPage\",\"@id\":\"https:\/\/doclisboa.org\/2021\/en\/informations\/tickets\/#webpage\",\"url\":\"https:\/\/doclisboa.org\/2021\/en\/informations\/tickets\/\",\"name\":\"Tickets - Doclisboa 2021\",\"isPartOf\":{\"@id\":\"https:\/\/doclisboa.org\/2021\/#website\"},\"datePublished\":\"2021-09-21T14:27:40+00:00\",\"dateModified\":\"2021-10-13T12:49:54+00:00\",\"breadcrumb\":{\"@id\":\"https:\/\/doclisboa.org\/2021\/en\/informations\/tickets\/#breadcrumb\"},\"inLanguage\":\"en-US\",\"potentialAction\":[{\"@type\":\"ReadAction\",\"target\":[\"https:\/\/doclisboa.org\/2021\/en\/informations\/tickets\/\"]}]},{\"@type\":\"BreadcrumbList\",\"@id\":\"https:\/\/doclisboa.org\/2021\/en\/informations\/tickets\/#breadcrumb\",\"itemListElement\":[{\"@type\":\"ListItem\",\"position\":1,\"name\":\"In\\u00edcio\",\"item\":\"https:\/\/doclisboa.org\/2021\/\"},{\"@type\":\"ListItem\",\"position\":2,\"name\":\"Informations\",\"item\":\"https:\/\/doclisboa.org\/2021\/en\/informations\/\"},{\"@type\":\"ListItem\",\"position\":3,\"name\":\"Tickets\"}]}]}<\/script>\n<!-- \/ Yoast SEO plugin. -->","yoast_head_json":{"robots":{"index":"index","follow":"follow","max-snippet":"max-snippet:-1","max-image-preview":"max-image-preview:large","max-video-preview":"max-video-preview:-1"},"canonical":"https:\/\/doclisboa.org\/2021\/en\/informations\/tickets\/","og_locale":"en_US","og_type":"article","og_title":"Tickets - Doclisboa 2021","og_description":"On-line Tickets on sale from October 7. For sessions at Culturgest and Cinema S\u00e3o Jorge at ticketline.sapo.pt. For sessions at Cinemateca Portuguesa and Museu do Oriente at bol.pt. For sessions at Cinema City Campo Pequeno at cinemacity.pt or with the Cinema City app. On-site Tickets on sale from October 7 at with the exception of [&hellip;]","og_url":"https:\/\/doclisboa.org\/2021\/en\/informations\/tickets\/","og_site_name":"Doclisboa 2021","article_modified_time":"2021-10-13T12:49:54+00:00","og_image":[{"width":1800,"height":945,"url":"https:\/\/doclisboa.org\/2021\/wp-content\/uploads\/2021\/10\/cropped-doclisboa-facebook-1800x945.png","type":"image\/png"}],"twitter_card":"summary_large_image","twitter_misc":{"Est. reading time":"3 minutes"},"schema":{"@context":"https:\/\/schema.org","@graph":[{"@type":"Organization","@id":"https:\/\/doclisboa.org\/2021\/#organization","name":"Doclisboa","url":"https:\/\/doclisboa.org\/2021\/","sameAs":[],"logo":{"@type":"ImageObject","@id":"https:\/\/doclisboa.org\/2021\/#logo","inLanguage":"en-US","url":"https:\/\/doclisboa.org\/2021\/wp-content\/uploads\/2021\/10\/banner-mobile-doclisboa.jpg","contentUrl":"https:\/\/doclisboa.org\/2021\/wp-content\/uploads\/2021\/10\/banner-mobile-doclisboa.jpg","width":1800,"height":1800,"caption":"Doclisboa"},"image":{"@id":"https:\/\/doclisboa.org\/2021\/#logo"}},{"@type":"WebSite","@id":"https:\/\/doclisboa.org\/2021\/#website","url":"https:\/\/doclisboa.org\/2021\/","name":"Doclisboa 2021","description":"19\u00ba Festival Internacional de Cinema","publisher":{"@id":"https:\/\/doclisboa.org\/2021\/#organization"},"potentialAction":[{"@type":"SearchAction","target":{"@type":"EntryPoint","urlTemplate":"https:\/\/doclisboa.org\/2021\/?s={search_term_string}"},"query-input":"required name=search_term_string"}],"inLanguage":"en-US"},{"@type":"WebPage","@id":"https:\/\/doclisboa.org\/2021\/en\/informations\/tickets\/#webpage","url":"https:\/\/doclisboa.org\/2021\/en\/informations\/tickets\/","name":"Tickets - Doclisboa 2021","isPartOf":{"@id":"https:\/\/doclisboa.org\/2021\/#website"},"datePublished":"2021-09-21T14:27:40+00:00","dateModified":"2021-10-13T12:49:54+00:00","breadcrumb":{"@id":"https:\/\/doclisboa.org\/2021\/en\/informations\/tickets\/#breadcrumb"},"inLanguage":"en-US","potentialAction":[{"@type":"ReadAction","target":["https:\/\/doclisboa.org\/2021\/en\/informations\/tickets\/"]}]},{"@type":"BreadcrumbList","@id":"https:\/\/doclisboa.org\/2021\/en\/informations\/tickets\/#breadcrumb","itemListElement":[{"@type":"ListItem","position":1,"name":"In\u00edcio","item":"https:\/\/doclisboa.org\/2021\/"},{"@type":"ListItem","position":2,"name":"Informations","item":"https:\/\/doclisboa.org\/2021\/en\/informations\/"},{"@type":"ListItem","position":3,"name":"Tickets"}]}]}},"_links":{"self":[{"href":"https:\/\/doclisboa.org\/2021\/en\/wp-json\/wp\/v2\/pages\/289","targetHints":{"allow":["GET"]}}],"collection":[{"href":"https:\/\/doclisboa.org\/2021\/en\/wp-json\/wp\/v2\/pages"}],"about":[{"href":"https:\/\/doclisboa.org\/2021\/en\/wp-json\/wp\/v2\/types\/page"}],"author":[{"embeddable":true,"href":"https:\/\/doclisboa.org\/2021\/en\/wp-json\/wp\/v2\/users\/1"}],"replies":[{"embeddable":true,"href":"https:\/\/doclisboa.org\/2021\/en\/wp-json\/wp\/v2\/comments?post=289"}],"version-history":[{"count":6,"href":"https:\/\/doclisboa.org\/2021\/en\/wp-json\/wp\/v2\/pages\/289\/revisions"}],"predecessor-version":[{"id":24242,"href":"https:\/\/doclisboa.org\/2021\/en\/wp-json\/wp\/v2\/pages\/289\/revisions\/24242"}],"up":[{"embeddable":true,"href":"https:\/\/doclisboa.org\/2021\/en\/wp-json\/wp\/v2\/pages\/284"}],"wp:attachment":[{"href":"https:\/\/doclisboa.org\/2021\/en\/wp-json\/wp\/v2\/media?parent=289"}],"curies":[{"name":"wp","href":"https:\/\/api.w.org\/{rel}","templated":true}]}}