{"id":22756,"date":"2021-10-04T17:28:16","date_gmt":"2021-10-04T17:28:16","guid":{"rendered":"https:\/\/doclisboa.org\/2021\/?page_id=22756"},"modified":"2021-10-14T15:33:13","modified_gmt":"2021-10-14T15:33:13","slug":"projectos-seleccionados","status":"publish","type":"page","link":"https:\/\/doclisboa.org\/2021\/nebulae\/croacia-pais-convidado-2021\/projectos-seleccionados\/","title":{"rendered":"Projectos em Desenvolvimento e Pr\u00e9mios"},"content":{"rendered":"<p>Dossier completo dispon\u00edvel <strong><a href=\"https:\/\/doclisboa.org\/2021\/wp-content\/uploads\/2021\/10\/Nebulae-Croatia-Invited-Country-Projects-Dossier_compressed.pdf\" target=\"_blank\" rel=\"noopener\">AQUI<\/a><\/strong><\/p>\n<p>&#8211;<\/p>\n<h3>Pr\u00e9mios *<\/h3>\n<p><strong> Pr\u00e9mio DAE de Est\u00edmulo ao Talento<\/strong><br \/>\nInscri\u00e7\u00e3o gratuita de um ano para o(s) realizador(es) e o(s) produtor(es) e uma sess\u00e3o de aconselhamento feita \u00e0 medida com consultores seniores da DAE.<\/p>\n<p>A Documentary Association of Europe \u00e9 uma rede e uma organiza\u00e7\u00e3o rec\u00e9m-formada para profissionais a trabalhar no sector de cinema de n\u00e3o-fic\u00e7\u00e3o independente que trabalha para cumprir tr\u00eas fun\u00e7\u00f5es nucleares: constituir uma rede crescente de profissionais que partilham informa\u00e7\u00e3o e colaboram numa base regular; produzir e recolher a informa\u00e7\u00e3o mais actualizada e ofertas especiais para os seus membros; e exercer press\u00e3o e defender as melhores condi\u00e7\u00f5es de educa\u00e7\u00e3o, financiamento e distribui\u00e7\u00e3o de document\u00e1rios.<\/p>\n<p><strong>Pr\u00e9mio Pitch the Doc<\/strong><br \/>\nMen\u00e7\u00e3o especial para um dos projectos selecionados do Pa\u00eds Convidado<br \/>\nConsultoria especializada (pr\u00e9mio no valor de <span style=\"font-weight: 400;\">500,00\u20ac, <\/span>v\u00e1lido durante 6 meses ap\u00f3s o an\u00fancio)<\/p>\n<p>Pitch the Doc \u00e9 uma plataforma digital para projectos em desenvolvimento. Promove a visibilidade internacional de projectos documentais em qualquer fase de produ\u00e7\u00e3o e oriundos de qualquer pa\u00eds. A plataforma oferece funcionalidades de apresenta\u00e7\u00e3o com base em padr\u00f5es internacionais. Para al\u00e9m de um conjunto de ferramentas \u00fateis para profissionais da ind\u00fastria, permite manter as informa\u00e7\u00f5es relativas \u00e0 produ\u00e7\u00e3o do filme actualizadas e dispon\u00edveis a decisores internacionais. \u00c9 uma ferramenta \u00fatil para criar contactos novos e manter rela\u00e7\u00f5es estabelecidas durante apresenta\u00e7\u00f5es ou reuni\u00f5es de co-produ\u00e7\u00e3o e mercados.<\/p>\n<p>* S\u00e3o eleg\u00edveis s\u00f3 projectos de produ\u00e7\u00e3o ou co-produ\u00e7\u00e3o croata<\/p>\n","protected":false},"excerpt":{"rendered":"<p>Dossier completo dispon\u00edvel AQUI &#8211; Pr\u00e9mios * Pr\u00e9mio DAE de Est\u00edmulo ao Talento Inscri\u00e7\u00e3o gratuita de um ano para o(s) realizador(es) e o(s) produtor(es) e uma sess\u00e3o de aconselhamento feita \u00e0 medida com consultores seniores da DAE. A Documentary Association of Europe \u00e9 uma rede e uma organiza\u00e7\u00e3o rec\u00e9m-formada para profissionais a trabalhar no sector [&hellip;]<\/p>\n","protected":false},"author":1,"featured_media":0,"parent":180,"menu_order":1,"comment_status":"closed","ping_status":"closed","template":"template-pais-convidado.php","meta":{"inline_featured_image":false,"_monsterinsights_skip_tracking":false,"_monsterinsights_sitenote_active":false,"_monsterinsights_sitenote_note":"","_monsterinsights_sitenote_category":0,"footnotes":""},"class_list":["post-22756","page","type-page","status-publish","hentry"],"acf":[],"yoast_head":"<!-- This site is optimized with the Yoast SEO plugin v17.9 - https:\/\/yoast.com\/wordpress\/plugins\/seo\/ -->\n<meta name=\"robots\" content=\"index, follow, max-snippet:-1, max-image-preview:large, max-video-preview:-1\" \/>\n<link rel=\"canonical\" href=\"https:\/\/doclisboa.org\/2021\/nebulae\/croacia-pais-convidado-2021\/projectos-seleccionados\/\" \/>\n<meta property=\"og:locale\" content=\"pt_PT\" \/>\n<meta property=\"og:type\" content=\"article\" \/>\n<meta property=\"og:title\" content=\"Projectos em Desenvolvimento e Pr\u00e9mios - Doclisboa 2021\" \/>\n<meta property=\"og:description\" content=\"Dossier completo dispon\u00edvel AQUI &#8211; Pr\u00e9mios * Pr\u00e9mio DAE de Est\u00edmulo ao Talento Inscri\u00e7\u00e3o gratuita de um ano para o(s) realizador(es) e o(s) produtor(es) e uma sess\u00e3o de aconselhamento feita \u00e0 medida com consultores seniores da DAE. A Documentary Association of Europe \u00e9 uma rede e uma organiza\u00e7\u00e3o rec\u00e9m-formada para profissionais a trabalhar no sector [&hellip;]\" \/>\n<meta property=\"og:url\" content=\"https:\/\/doclisboa.org\/2021\/nebulae\/croacia-pais-convidado-2021\/projectos-seleccionados\/\" \/>\n<meta property=\"og:site_name\" content=\"Doclisboa 2021\" \/>\n<meta property=\"article:modified_time\" content=\"2021-10-14T15:33:13+00:00\" \/>\n<meta property=\"og:image\" content=\"https:\/\/doclisboa.org\/2021\/wp-content\/uploads\/2021\/10\/cropped-doclisboa-facebook-1800x945.png\" \/>\n\t<meta property=\"og:image:width\" content=\"1800\" \/>\n\t<meta property=\"og:image:height\" content=\"945\" \/>\n\t<meta property=\"og:image:type\" content=\"image\/png\" \/>\n<meta name=\"twitter:card\" content=\"summary_large_image\" \/>\n<meta name=\"twitter:label1\" content=\"Tempo estimado de leitura\" \/>\n\t<meta name=\"twitter:data1\" content=\"2 minutos\" \/>\n<script type=\"application\/ld+json\" class=\"yoast-schema-graph\">{\"@context\":\"https:\/\/schema.org\",\"@graph\":[{\"@type\":\"Organization\",\"@id\":\"https:\/\/doclisboa.org\/2021\/#organization\",\"name\":\"Doclisboa\",\"url\":\"https:\/\/doclisboa.org\/2021\/\",\"sameAs\":[],\"logo\":{\"@type\":\"ImageObject\",\"@id\":\"https:\/\/doclisboa.org\/2021\/#logo\",\"inLanguage\":\"pt-PT\",\"url\":\"https:\/\/doclisboa.org\/2021\/wp-content\/uploads\/2021\/10\/banner-mobile-doclisboa.jpg\",\"contentUrl\":\"https:\/\/doclisboa.org\/2021\/wp-content\/uploads\/2021\/10\/banner-mobile-doclisboa.jpg\",\"width\":1800,\"height\":1800,\"caption\":\"Doclisboa\"},\"image\":{\"@id\":\"https:\/\/doclisboa.org\/2021\/#logo\"}},{\"@type\":\"WebSite\",\"@id\":\"https:\/\/doclisboa.org\/2021\/#website\",\"url\":\"https:\/\/doclisboa.org\/2021\/\",\"name\":\"Doclisboa 2021\",\"description\":\"19\\u00ba Festival Internacional de Cinema\",\"publisher\":{\"@id\":\"https:\/\/doclisboa.org\/2021\/#organization\"},\"potentialAction\":[{\"@type\":\"SearchAction\",\"target\":{\"@type\":\"EntryPoint\",\"urlTemplate\":\"https:\/\/doclisboa.org\/2021\/?s={search_term_string}\"},\"query-input\":\"required name=search_term_string\"}],\"inLanguage\":\"pt-PT\"},{\"@type\":\"WebPage\",\"@id\":\"https:\/\/doclisboa.org\/2021\/nebulae\/croacia-pais-convidado-2021\/projectos-seleccionados\/#webpage\",\"url\":\"https:\/\/doclisboa.org\/2021\/nebulae\/croacia-pais-convidado-2021\/projectos-seleccionados\/\",\"name\":\"Projectos em Desenvolvimento e Pr\\u00e9mios - Doclisboa 2021\",\"isPartOf\":{\"@id\":\"https:\/\/doclisboa.org\/2021\/#website\"},\"datePublished\":\"2021-10-04T17:28:16+00:00\",\"dateModified\":\"2021-10-14T15:33:13+00:00\",\"breadcrumb\":{\"@id\":\"https:\/\/doclisboa.org\/2021\/nebulae\/croacia-pais-convidado-2021\/projectos-seleccionados\/#breadcrumb\"},\"inLanguage\":\"pt-PT\",\"potentialAction\":[{\"@type\":\"ReadAction\",\"target\":[\"https:\/\/doclisboa.org\/2021\/nebulae\/croacia-pais-convidado-2021\/projectos-seleccionados\/\"]}]},{\"@type\":\"BreadcrumbList\",\"@id\":\"https:\/\/doclisboa.org\/2021\/nebulae\/croacia-pais-convidado-2021\/projectos-seleccionados\/#breadcrumb\",\"itemListElement\":[{\"@type\":\"ListItem\",\"position\":1,\"name\":\"In\\u00edcio\",\"item\":\"https:\/\/doclisboa.org\/2021\/\"},{\"@type\":\"ListItem\",\"position\":2,\"name\":\"Nebulae\",\"item\":\"https:\/\/doclisboa.org\/2021\/nebulae\/\"},{\"@type\":\"ListItem\",\"position\":3,\"name\":\"Cro\\u00e1cia \\u2013 Pa\\u00eds Convidado 2021\",\"item\":\"https:\/\/doclisboa.org\/2021\/nebulae\/croacia-pais-convidado-2021\/\"},{\"@type\":\"ListItem\",\"position\":4,\"name\":\"Projectos em Desenvolvimento e Pr\\u00e9mios\"}]}]}<\/script>\n<!-- \/ Yoast SEO plugin. -->","yoast_head_json":{"robots":{"index":"index","follow":"follow","max-snippet":"max-snippet:-1","max-image-preview":"max-image-preview:large","max-video-preview":"max-video-preview:-1"},"canonical":"https:\/\/doclisboa.org\/2021\/nebulae\/croacia-pais-convidado-2021\/projectos-seleccionados\/","og_locale":"pt_PT","og_type":"article","og_title":"Projectos em Desenvolvimento e Pr\u00e9mios - Doclisboa 2021","og_description":"Dossier completo dispon\u00edvel AQUI &#8211; Pr\u00e9mios * Pr\u00e9mio DAE de Est\u00edmulo ao Talento Inscri\u00e7\u00e3o gratuita de um ano para o(s) realizador(es) e o(s) produtor(es) e uma sess\u00e3o de aconselhamento feita \u00e0 medida com consultores seniores da DAE. A Documentary Association of Europe \u00e9 uma rede e uma organiza\u00e7\u00e3o rec\u00e9m-formada para profissionais a trabalhar no sector [&hellip;]","og_url":"https:\/\/doclisboa.org\/2021\/nebulae\/croacia-pais-convidado-2021\/projectos-seleccionados\/","og_site_name":"Doclisboa 2021","article_modified_time":"2021-10-14T15:33:13+00:00","og_image":[{"width":1800,"height":945,"url":"https:\/\/doclisboa.org\/2021\/wp-content\/uploads\/2021\/10\/cropped-doclisboa-facebook-1800x945.png","type":"image\/png"}],"twitter_card":"summary_large_image","twitter_misc":{"Tempo estimado de leitura":"2 minutos"},"schema":{"@context":"https:\/\/schema.org","@graph":[{"@type":"Organization","@id":"https:\/\/doclisboa.org\/2021\/#organization","name":"Doclisboa","url":"https:\/\/doclisboa.org\/2021\/","sameAs":[],"logo":{"@type":"ImageObject","@id":"https:\/\/doclisboa.org\/2021\/#logo","inLanguage":"pt-PT","url":"https:\/\/doclisboa.org\/2021\/wp-content\/uploads\/2021\/10\/banner-mobile-doclisboa.jpg","contentUrl":"https:\/\/doclisboa.org\/2021\/wp-content\/uploads\/2021\/10\/banner-mobile-doclisboa.jpg","width":1800,"height":1800,"caption":"Doclisboa"},"image":{"@id":"https:\/\/doclisboa.org\/2021\/#logo"}},{"@type":"WebSite","@id":"https:\/\/doclisboa.org\/2021\/#website","url":"https:\/\/doclisboa.org\/2021\/","name":"Doclisboa 2021","description":"19\u00ba Festival Internacional de Cinema","publisher":{"@id":"https:\/\/doclisboa.org\/2021\/#organization"},"potentialAction":[{"@type":"SearchAction","target":{"@type":"EntryPoint","urlTemplate":"https:\/\/doclisboa.org\/2021\/?s={search_term_string}"},"query-input":"required name=search_term_string"}],"inLanguage":"pt-PT"},{"@type":"WebPage","@id":"https:\/\/doclisboa.org\/2021\/nebulae\/croacia-pais-convidado-2021\/projectos-seleccionados\/#webpage","url":"https:\/\/doclisboa.org\/2021\/nebulae\/croacia-pais-convidado-2021\/projectos-seleccionados\/","name":"Projectos em Desenvolvimento e Pr\u00e9mios - Doclisboa 2021","isPartOf":{"@id":"https:\/\/doclisboa.org\/2021\/#website"},"datePublished":"2021-10-04T17:28:16+00:00","dateModified":"2021-10-14T15:33:13+00:00","breadcrumb":{"@id":"https:\/\/doclisboa.org\/2021\/nebulae\/croacia-pais-convidado-2021\/projectos-seleccionados\/#breadcrumb"},"inLanguage":"pt-PT","potentialAction":[{"@type":"ReadAction","target":["https:\/\/doclisboa.org\/2021\/nebulae\/croacia-pais-convidado-2021\/projectos-seleccionados\/"]}]},{"@type":"BreadcrumbList","@id":"https:\/\/doclisboa.org\/2021\/nebulae\/croacia-pais-convidado-2021\/projectos-seleccionados\/#breadcrumb","itemListElement":[{"@type":"ListItem","position":1,"name":"In\u00edcio","item":"https:\/\/doclisboa.org\/2021\/"},{"@type":"ListItem","position":2,"name":"Nebulae","item":"https:\/\/doclisboa.org\/2021\/nebulae\/"},{"@type":"ListItem","position":3,"name":"Cro\u00e1cia \u2013 Pa\u00eds Convidado 2021","item":"https:\/\/doclisboa.org\/2021\/nebulae\/croacia-pais-convidado-2021\/"},{"@type":"ListItem","position":4,"name":"Projectos em Desenvolvimento e Pr\u00e9mios"}]}]}},"_links":{"self":[{"href":"https:\/\/doclisboa.org\/2021\/wp-json\/wp\/v2\/pages\/22756","targetHints":{"allow":["GET"]}}],"collection":[{"href":"https:\/\/doclisboa.org\/2021\/wp-json\/wp\/v2\/pages"}],"about":[{"href":"https:\/\/doclisboa.org\/2021\/wp-json\/wp\/v2\/types\/page"}],"author":[{"embeddable":true,"href":"https:\/\/doclisboa.org\/2021\/wp-json\/wp\/v2\/users\/1"}],"replies":[{"embeddable":true,"href":"https:\/\/doclisboa.org\/2021\/wp-json\/wp\/v2\/comments?post=22756"}],"version-history":[{"count":34,"href":"https:\/\/doclisboa.org\/2021\/wp-json\/wp\/v2\/pages\/22756\/revisions"}],"predecessor-version":[{"id":24358,"href":"https:\/\/doclisboa.org\/2021\/wp-json\/wp\/v2\/pages\/22756\/revisions\/24358"}],"up":[{"embeddable":true,"href":"https:\/\/doclisboa.org\/2021\/wp-json\/wp\/v2\/pages\/180"}],"wp:attachment":[{"href":"https:\/\/doclisboa.org\/2021\/wp-json\/wp\/v2\/media?parent=22756"}],"curies":[{"name":"wp","href":"https:\/\/api.w.org\/{rel}","templated":true}]}}