{"id":22762,"date":"2021-10-04T17:29:18","date_gmt":"2021-10-04T17:29:18","guid":{"rendered":"https:\/\/doclisboa.org\/2021\/?page_id=22762"},"modified":"2021-10-09T16:17:44","modified_gmt":"2021-10-09T16:17:44","slug":"seleccao-de-filmes-croatas","status":"publish","type":"page","link":"https:\/\/doclisboa.org\/2021\/nebulae\/croacia-pais-convidado-2021\/seleccao-de-filmes-croatas\/","title":{"rendered":"Selec\u00e7\u00e3o de filmes croatas"},"content":{"rendered":"<p>Uma selec\u00e7\u00e3o de 4 produ\u00e7\u00f5es e co-produ\u00e7\u00f5es para descobrir as \u00faltimas cria\u00e7\u00f5es do mercado audiovisual croata. Os filmes estar\u00e3o dispon\u00edveis, entre 21 de Outubro e 30 de Novembro, na videoteca online, de acesso restrito a programadores de festivais de cinema, distribuidores, sales agents, exibidores e imprensa acreditados no Nebulae.<\/p>\n<p><a href=\"https:\/\/cinandovl.com\/doclisboavl\" target=\"_blank\" rel=\"noopener\">https:\/\/cinandovl.com\/doclisboavl<\/a><\/p>\n<p><strong>Filmes Seleccionados<\/strong><\/p>\n<p><strong>The Building<\/strong><br \/>\nHrvatskog narodnog preporoda<br \/>\nGoran Devi\u0107 \u2022 2021 \u2022 Cro\u00e1cia \u2022 68\u2019<\/p>\n<p><strong>On the Cold Line<\/strong><br \/>\nNa snje\u017enoj crti<br \/>\nGoran Ribari\u0107 \u2022 2021 \u2022 Cro\u00e1cia \u2022 25&#8242;<\/p>\n<p><strong>The People Are the Way<\/strong><br \/>\nPut su ljudi<br \/>\nTomislav Krni\u0107 \u2022 2021 \u2022 Cro\u00e1cia \u2022 42&#8242;<\/p>\n<p><strong>Osijek &lt;-&gt; Copenhagen, City Searching for a Killer<\/strong><br \/>\nOsijek &lt;-&gt; Kopenhagen, grad tra\u017ei ubojicu<br \/>\nIvan Faktor \u2022 2021 \u2022 Cro\u00e1cia \u2022 21&#8242;<\/p>\n","protected":false},"excerpt":{"rendered":"<p>Uma selec\u00e7\u00e3o de 4 produ\u00e7\u00f5es e co-produ\u00e7\u00f5es para descobrir as \u00faltimas cria\u00e7\u00f5es do mercado audiovisual croata. Os filmes estar\u00e3o dispon\u00edveis, entre 21 de Outubro e 30 de Novembro, na videoteca online, de acesso restrito a programadores de festivais de cinema, distribuidores, sales agents, exibidores e imprensa acreditados no Nebulae. https:\/\/cinandovl.com\/doclisboavl Filmes Seleccionados The Building Hrvatskog [&hellip;]<\/p>\n","protected":false},"author":1,"featured_media":0,"parent":180,"menu_order":4,"comment_status":"closed","ping_status":"closed","template":"template-texto.php","meta":{"inline_featured_image":false,"_monsterinsights_skip_tracking":false,"_monsterinsights_sitenote_active":false,"_monsterinsights_sitenote_note":"","_monsterinsights_sitenote_category":0,"footnotes":""},"class_list":["post-22762","page","type-page","status-publish","hentry"],"acf":[],"yoast_head":"<!-- This site is optimized with the Yoast SEO plugin v17.9 - https:\/\/yoast.com\/wordpress\/plugins\/seo\/ -->\n<meta name=\"robots\" content=\"index, follow, max-snippet:-1, max-image-preview:large, max-video-preview:-1\" \/>\n<link rel=\"canonical\" href=\"https:\/\/doclisboa.org\/2021\/nebulae\/croacia-pais-convidado-2021\/seleccao-de-filmes-croatas\/\" \/>\n<meta property=\"og:locale\" content=\"pt_PT\" \/>\n<meta property=\"og:type\" content=\"article\" \/>\n<meta property=\"og:title\" content=\"Selec\u00e7\u00e3o de filmes croatas - Doclisboa 2021\" \/>\n<meta property=\"og:description\" content=\"Uma selec\u00e7\u00e3o de 4 produ\u00e7\u00f5es e co-produ\u00e7\u00f5es para descobrir as \u00faltimas cria\u00e7\u00f5es do mercado audiovisual croata. Os filmes estar\u00e3o dispon\u00edveis, entre 21 de Outubro e 30 de Novembro, na videoteca online, de acesso restrito a programadores de festivais de cinema, distribuidores, sales agents, exibidores e imprensa acreditados no Nebulae. https:\/\/cinandovl.com\/doclisboavl Filmes Seleccionados The Building Hrvatskog [&hellip;]\" \/>\n<meta property=\"og:url\" content=\"https:\/\/doclisboa.org\/2021\/nebulae\/croacia-pais-convidado-2021\/seleccao-de-filmes-croatas\/\" \/>\n<meta property=\"og:site_name\" content=\"Doclisboa 2021\" \/>\n<meta property=\"article:modified_time\" content=\"2021-10-09T16:17:44+00:00\" \/>\n<meta property=\"og:image\" content=\"https:\/\/doclisboa.org\/2021\/wp-content\/uploads\/2021\/10\/cropped-doclisboa-facebook-1800x945.png\" \/>\n\t<meta property=\"og:image:width\" content=\"1800\" \/>\n\t<meta property=\"og:image:height\" content=\"945\" \/>\n\t<meta property=\"og:image:type\" content=\"image\/png\" \/>\n<meta name=\"twitter:card\" content=\"summary_large_image\" \/>\n<meta name=\"twitter:label1\" content=\"Tempo estimado de leitura\" \/>\n\t<meta name=\"twitter:data1\" content=\"1 minuto\" \/>\n<script type=\"application\/ld+json\" class=\"yoast-schema-graph\">{\"@context\":\"https:\/\/schema.org\",\"@graph\":[{\"@type\":\"Organization\",\"@id\":\"https:\/\/doclisboa.org\/2021\/#organization\",\"name\":\"Doclisboa\",\"url\":\"https:\/\/doclisboa.org\/2021\/\",\"sameAs\":[],\"logo\":{\"@type\":\"ImageObject\",\"@id\":\"https:\/\/doclisboa.org\/2021\/#logo\",\"inLanguage\":\"pt-PT\",\"url\":\"https:\/\/doclisboa.org\/2021\/wp-content\/uploads\/2021\/10\/banner-mobile-doclisboa.jpg\",\"contentUrl\":\"https:\/\/doclisboa.org\/2021\/wp-content\/uploads\/2021\/10\/banner-mobile-doclisboa.jpg\",\"width\":1800,\"height\":1800,\"caption\":\"Doclisboa\"},\"image\":{\"@id\":\"https:\/\/doclisboa.org\/2021\/#logo\"}},{\"@type\":\"WebSite\",\"@id\":\"https:\/\/doclisboa.org\/2021\/#website\",\"url\":\"https:\/\/doclisboa.org\/2021\/\",\"name\":\"Doclisboa 2021\",\"description\":\"19\\u00ba Festival Internacional de Cinema\",\"publisher\":{\"@id\":\"https:\/\/doclisboa.org\/2021\/#organization\"},\"potentialAction\":[{\"@type\":\"SearchAction\",\"target\":{\"@type\":\"EntryPoint\",\"urlTemplate\":\"https:\/\/doclisboa.org\/2021\/?s={search_term_string}\"},\"query-input\":\"required name=search_term_string\"}],\"inLanguage\":\"pt-PT\"},{\"@type\":\"WebPage\",\"@id\":\"https:\/\/doclisboa.org\/2021\/nebulae\/croacia-pais-convidado-2021\/seleccao-de-filmes-croatas\/#webpage\",\"url\":\"https:\/\/doclisboa.org\/2021\/nebulae\/croacia-pais-convidado-2021\/seleccao-de-filmes-croatas\/\",\"name\":\"Selec\\u00e7\\u00e3o de filmes croatas - Doclisboa 2021\",\"isPartOf\":{\"@id\":\"https:\/\/doclisboa.org\/2021\/#website\"},\"datePublished\":\"2021-10-04T17:29:18+00:00\",\"dateModified\":\"2021-10-09T16:17:44+00:00\",\"breadcrumb\":{\"@id\":\"https:\/\/doclisboa.org\/2021\/nebulae\/croacia-pais-convidado-2021\/seleccao-de-filmes-croatas\/#breadcrumb\"},\"inLanguage\":\"pt-PT\",\"potentialAction\":[{\"@type\":\"ReadAction\",\"target\":[\"https:\/\/doclisboa.org\/2021\/nebulae\/croacia-pais-convidado-2021\/seleccao-de-filmes-croatas\/\"]}]},{\"@type\":\"BreadcrumbList\",\"@id\":\"https:\/\/doclisboa.org\/2021\/nebulae\/croacia-pais-convidado-2021\/seleccao-de-filmes-croatas\/#breadcrumb\",\"itemListElement\":[{\"@type\":\"ListItem\",\"position\":1,\"name\":\"In\\u00edcio\",\"item\":\"https:\/\/doclisboa.org\/2021\/\"},{\"@type\":\"ListItem\",\"position\":2,\"name\":\"Nebulae\",\"item\":\"https:\/\/doclisboa.org\/2021\/nebulae\/\"},{\"@type\":\"ListItem\",\"position\":3,\"name\":\"Cro\\u00e1cia \\u2013 Pa\\u00eds Convidado 2021\",\"item\":\"https:\/\/doclisboa.org\/2021\/nebulae\/croacia-pais-convidado-2021\/\"},{\"@type\":\"ListItem\",\"position\":4,\"name\":\"Selec\\u00e7\\u00e3o de filmes croatas\"}]}]}<\/script>\n<!-- \/ Yoast SEO plugin. -->","yoast_head_json":{"robots":{"index":"index","follow":"follow","max-snippet":"max-snippet:-1","max-image-preview":"max-image-preview:large","max-video-preview":"max-video-preview:-1"},"canonical":"https:\/\/doclisboa.org\/2021\/nebulae\/croacia-pais-convidado-2021\/seleccao-de-filmes-croatas\/","og_locale":"pt_PT","og_type":"article","og_title":"Selec\u00e7\u00e3o de filmes croatas - Doclisboa 2021","og_description":"Uma selec\u00e7\u00e3o de 4 produ\u00e7\u00f5es e co-produ\u00e7\u00f5es para descobrir as \u00faltimas cria\u00e7\u00f5es do mercado audiovisual croata. Os filmes estar\u00e3o dispon\u00edveis, entre 21 de Outubro e 30 de Novembro, na videoteca online, de acesso restrito a programadores de festivais de cinema, distribuidores, sales agents, exibidores e imprensa acreditados no Nebulae. https:\/\/cinandovl.com\/doclisboavl Filmes Seleccionados The Building Hrvatskog [&hellip;]","og_url":"https:\/\/doclisboa.org\/2021\/nebulae\/croacia-pais-convidado-2021\/seleccao-de-filmes-croatas\/","og_site_name":"Doclisboa 2021","article_modified_time":"2021-10-09T16:17:44+00:00","og_image":[{"width":1800,"height":945,"url":"https:\/\/doclisboa.org\/2021\/wp-content\/uploads\/2021\/10\/cropped-doclisboa-facebook-1800x945.png","type":"image\/png"}],"twitter_card":"summary_large_image","twitter_misc":{"Tempo estimado de leitura":"1 minuto"},"schema":{"@context":"https:\/\/schema.org","@graph":[{"@type":"Organization","@id":"https:\/\/doclisboa.org\/2021\/#organization","name":"Doclisboa","url":"https:\/\/doclisboa.org\/2021\/","sameAs":[],"logo":{"@type":"ImageObject","@id":"https:\/\/doclisboa.org\/2021\/#logo","inLanguage":"pt-PT","url":"https:\/\/doclisboa.org\/2021\/wp-content\/uploads\/2021\/10\/banner-mobile-doclisboa.jpg","contentUrl":"https:\/\/doclisboa.org\/2021\/wp-content\/uploads\/2021\/10\/banner-mobile-doclisboa.jpg","width":1800,"height":1800,"caption":"Doclisboa"},"image":{"@id":"https:\/\/doclisboa.org\/2021\/#logo"}},{"@type":"WebSite","@id":"https:\/\/doclisboa.org\/2021\/#website","url":"https:\/\/doclisboa.org\/2021\/","name":"Doclisboa 2021","description":"19\u00ba Festival Internacional de Cinema","publisher":{"@id":"https:\/\/doclisboa.org\/2021\/#organization"},"potentialAction":[{"@type":"SearchAction","target":{"@type":"EntryPoint","urlTemplate":"https:\/\/doclisboa.org\/2021\/?s={search_term_string}"},"query-input":"required name=search_term_string"}],"inLanguage":"pt-PT"},{"@type":"WebPage","@id":"https:\/\/doclisboa.org\/2021\/nebulae\/croacia-pais-convidado-2021\/seleccao-de-filmes-croatas\/#webpage","url":"https:\/\/doclisboa.org\/2021\/nebulae\/croacia-pais-convidado-2021\/seleccao-de-filmes-croatas\/","name":"Selec\u00e7\u00e3o de filmes croatas - Doclisboa 2021","isPartOf":{"@id":"https:\/\/doclisboa.org\/2021\/#website"},"datePublished":"2021-10-04T17:29:18+00:00","dateModified":"2021-10-09T16:17:44+00:00","breadcrumb":{"@id":"https:\/\/doclisboa.org\/2021\/nebulae\/croacia-pais-convidado-2021\/seleccao-de-filmes-croatas\/#breadcrumb"},"inLanguage":"pt-PT","potentialAction":[{"@type":"ReadAction","target":["https:\/\/doclisboa.org\/2021\/nebulae\/croacia-pais-convidado-2021\/seleccao-de-filmes-croatas\/"]}]},{"@type":"BreadcrumbList","@id":"https:\/\/doclisboa.org\/2021\/nebulae\/croacia-pais-convidado-2021\/seleccao-de-filmes-croatas\/#breadcrumb","itemListElement":[{"@type":"ListItem","position":1,"name":"In\u00edcio","item":"https:\/\/doclisboa.org\/2021\/"},{"@type":"ListItem","position":2,"name":"Nebulae","item":"https:\/\/doclisboa.org\/2021\/nebulae\/"},{"@type":"ListItem","position":3,"name":"Cro\u00e1cia \u2013 Pa\u00eds Convidado 2021","item":"https:\/\/doclisboa.org\/2021\/nebulae\/croacia-pais-convidado-2021\/"},{"@type":"ListItem","position":4,"name":"Selec\u00e7\u00e3o de filmes croatas"}]}]}},"_links":{"self":[{"href":"https:\/\/doclisboa.org\/2021\/wp-json\/wp\/v2\/pages\/22762","targetHints":{"allow":["GET"]}}],"collection":[{"href":"https:\/\/doclisboa.org\/2021\/wp-json\/wp\/v2\/pages"}],"about":[{"href":"https:\/\/doclisboa.org\/2021\/wp-json\/wp\/v2\/types\/page"}],"author":[{"embeddable":true,"href":"https:\/\/doclisboa.org\/2021\/wp-json\/wp\/v2\/users\/1"}],"replies":[{"embeddable":true,"href":"https:\/\/doclisboa.org\/2021\/wp-json\/wp\/v2\/comments?post=22762"}],"version-history":[{"count":7,"href":"https:\/\/doclisboa.org\/2021\/wp-json\/wp\/v2\/pages\/22762\/revisions"}],"predecessor-version":[{"id":23890,"href":"https:\/\/doclisboa.org\/2021\/wp-json\/wp\/v2\/pages\/22762\/revisions\/23890"}],"up":[{"embeddable":true,"href":"https:\/\/doclisboa.org\/2021\/wp-json\/wp\/v2\/pages\/180"}],"wp:attachment":[{"href":"https:\/\/doclisboa.org\/2021\/wp-json\/wp\/v2\/media?parent=22762"}],"curies":[{"name":"wp","href":"https:\/\/api.w.org\/{rel}","templated":true}]}}