{"id":23609,"date":"2021-10-06T10:05:51","date_gmt":"2021-10-06T10:05:51","guid":{"rendered":"https:\/\/doclisboa.org\/2021\/?page_id=23609"},"modified":"2021-10-06T10:07:46","modified_gmt":"2021-10-06T10:07:46","slug":"sessao-de-apresentacao-de-projectos","status":"publish","type":"page","link":"https:\/\/doclisboa.org\/2021\/nebulae\/arche\/sessao-de-apresentacao-de-projectos\/","title":{"rendered":"Sess\u00e3o de apresenta\u00e7\u00e3o de projectos"},"content":{"rendered":"<p>Sess\u00e3o colectiva, na qual os participantes d\u00e3o a conhecer os seus projectos em breves apresenta\u00e7\u00f5es de at\u00e9 10 minutos.<\/p>\n<p><strong>22 OUT (sex) \/ das 14.00 \u00e0s 16.30<\/strong><br \/>\nPresencial no S\u00e3o Jorge \u2013 Sala 2<br \/>\nTransmiss\u00e3o em directo em <a href=\"https:\/\/nebulae.doclisboa.org\/\" rel=\"noopener\" target=\"_blank\">nebulae.doclisboa.org<\/a> <\/p>\n<p>Sess\u00e3o conduzida em ingl\u00eas, sem tradu\u00e7\u00e3o. Acesso livre<\/p>\n","protected":false},"excerpt":{"rendered":"<p>Sess\u00e3o colectiva, na qual os participantes d\u00e3o a conhecer os seus projectos em breves apresenta\u00e7\u00f5es de at\u00e9 10 minutos. 22 OUT (sex) \/ das 14.00 \u00e0s 16.30 Presencial no S\u00e3o Jorge \u2013 Sala 2 Transmiss\u00e3o em directo em nebulae.doclisboa.org Sess\u00e3o conduzida em ingl\u00eas, sem tradu\u00e7\u00e3o. Acesso livre<\/p>\n","protected":false},"author":1,"featured_media":0,"parent":191,"menu_order":0,"comment_status":"closed","ping_status":"closed","template":"template-texto.php","meta":{"inline_featured_image":false,"_monsterinsights_skip_tracking":false,"_monsterinsights_sitenote_active":false,"_monsterinsights_sitenote_note":"","_monsterinsights_sitenote_category":0,"footnotes":""},"class_list":["post-23609","page","type-page","status-publish","hentry"],"acf":[],"yoast_head":"<!-- This site is optimized with the Yoast SEO plugin v17.9 - https:\/\/yoast.com\/wordpress\/plugins\/seo\/ -->\n<meta name=\"robots\" content=\"index, follow, max-snippet:-1, max-image-preview:large, max-video-preview:-1\" \/>\n<link rel=\"canonical\" href=\"https:\/\/doclisboa.org\/2021\/nebulae\/arche\/sessao-de-apresentacao-de-projectos\/\" \/>\n<meta property=\"og:locale\" content=\"pt_PT\" \/>\n<meta property=\"og:type\" content=\"article\" \/>\n<meta property=\"og:title\" content=\"Sess\u00e3o de apresenta\u00e7\u00e3o de projectos - Doclisboa 2021\" \/>\n<meta property=\"og:description\" content=\"Sess\u00e3o colectiva, na qual os participantes d\u00e3o a conhecer os seus projectos em breves apresenta\u00e7\u00f5es de at\u00e9 10 minutos. 22 OUT (sex) \/ das 14.00 \u00e0s 16.30 Presencial no S\u00e3o Jorge \u2013 Sala 2 Transmiss\u00e3o em directo em nebulae.doclisboa.org Sess\u00e3o conduzida em ingl\u00eas, sem tradu\u00e7\u00e3o. Acesso livre\" \/>\n<meta property=\"og:url\" content=\"https:\/\/doclisboa.org\/2021\/nebulae\/arche\/sessao-de-apresentacao-de-projectos\/\" \/>\n<meta property=\"og:site_name\" content=\"Doclisboa 2021\" \/>\n<meta property=\"article:modified_time\" content=\"2021-10-06T10:07:46+00:00\" \/>\n<meta property=\"og:image\" content=\"https:\/\/doclisboa.org\/2021\/wp-content\/uploads\/2021\/10\/cropped-doclisboa-facebook-1800x945.png\" \/>\n\t<meta property=\"og:image:width\" content=\"1800\" \/>\n\t<meta property=\"og:image:height\" content=\"945\" \/>\n\t<meta property=\"og:image:type\" content=\"image\/png\" \/>\n<meta name=\"twitter:card\" content=\"summary_large_image\" \/>\n<script type=\"application\/ld+json\" class=\"yoast-schema-graph\">{\"@context\":\"https:\/\/schema.org\",\"@graph\":[{\"@type\":\"Organization\",\"@id\":\"https:\/\/doclisboa.org\/2021\/#organization\",\"name\":\"Doclisboa\",\"url\":\"https:\/\/doclisboa.org\/2021\/\",\"sameAs\":[],\"logo\":{\"@type\":\"ImageObject\",\"@id\":\"https:\/\/doclisboa.org\/2021\/#logo\",\"inLanguage\":\"pt-PT\",\"url\":\"https:\/\/doclisboa.org\/2021\/wp-content\/uploads\/2021\/10\/banner-mobile-doclisboa.jpg\",\"contentUrl\":\"https:\/\/doclisboa.org\/2021\/wp-content\/uploads\/2021\/10\/banner-mobile-doclisboa.jpg\",\"width\":1800,\"height\":1800,\"caption\":\"Doclisboa\"},\"image\":{\"@id\":\"https:\/\/doclisboa.org\/2021\/#logo\"}},{\"@type\":\"WebSite\",\"@id\":\"https:\/\/doclisboa.org\/2021\/#website\",\"url\":\"https:\/\/doclisboa.org\/2021\/\",\"name\":\"Doclisboa 2021\",\"description\":\"19\\u00ba Festival Internacional de Cinema\",\"publisher\":{\"@id\":\"https:\/\/doclisboa.org\/2021\/#organization\"},\"potentialAction\":[{\"@type\":\"SearchAction\",\"target\":{\"@type\":\"EntryPoint\",\"urlTemplate\":\"https:\/\/doclisboa.org\/2021\/?s={search_term_string}\"},\"query-input\":\"required name=search_term_string\"}],\"inLanguage\":\"pt-PT\"},{\"@type\":\"WebPage\",\"@id\":\"https:\/\/doclisboa.org\/2021\/nebulae\/arche\/sessao-de-apresentacao-de-projectos\/#webpage\",\"url\":\"https:\/\/doclisboa.org\/2021\/nebulae\/arche\/sessao-de-apresentacao-de-projectos\/\",\"name\":\"Sess\\u00e3o de apresenta\\u00e7\\u00e3o de projectos - Doclisboa 2021\",\"isPartOf\":{\"@id\":\"https:\/\/doclisboa.org\/2021\/#website\"},\"datePublished\":\"2021-10-06T10:05:51+00:00\",\"dateModified\":\"2021-10-06T10:07:46+00:00\",\"breadcrumb\":{\"@id\":\"https:\/\/doclisboa.org\/2021\/nebulae\/arche\/sessao-de-apresentacao-de-projectos\/#breadcrumb\"},\"inLanguage\":\"pt-PT\",\"potentialAction\":[{\"@type\":\"ReadAction\",\"target\":[\"https:\/\/doclisboa.org\/2021\/nebulae\/arche\/sessao-de-apresentacao-de-projectos\/\"]}]},{\"@type\":\"BreadcrumbList\",\"@id\":\"https:\/\/doclisboa.org\/2021\/nebulae\/arche\/sessao-de-apresentacao-de-projectos\/#breadcrumb\",\"itemListElement\":[{\"@type\":\"ListItem\",\"position\":1,\"name\":\"In\\u00edcio\",\"item\":\"https:\/\/doclisboa.org\/2021\/\"},{\"@type\":\"ListItem\",\"position\":2,\"name\":\"Nebulae\",\"item\":\"https:\/\/doclisboa.org\/2021\/nebulae\/\"},{\"@type\":\"ListItem\",\"position\":3,\"name\":\"Arch\\u00e9\",\"item\":\"https:\/\/doclisboa.org\/2021\/nebulae\/arche\/\"},{\"@type\":\"ListItem\",\"position\":4,\"name\":\"Sess\\u00e3o de apresenta\\u00e7\\u00e3o de projectos\"}]}]}<\/script>\n<!-- \/ Yoast SEO plugin. -->","yoast_head_json":{"robots":{"index":"index","follow":"follow","max-snippet":"max-snippet:-1","max-image-preview":"max-image-preview:large","max-video-preview":"max-video-preview:-1"},"canonical":"https:\/\/doclisboa.org\/2021\/nebulae\/arche\/sessao-de-apresentacao-de-projectos\/","og_locale":"pt_PT","og_type":"article","og_title":"Sess\u00e3o de apresenta\u00e7\u00e3o de projectos - Doclisboa 2021","og_description":"Sess\u00e3o colectiva, na qual os participantes d\u00e3o a conhecer os seus projectos em breves apresenta\u00e7\u00f5es de at\u00e9 10 minutos. 22 OUT (sex) \/ das 14.00 \u00e0s 16.30 Presencial no S\u00e3o Jorge \u2013 Sala 2 Transmiss\u00e3o em directo em nebulae.doclisboa.org Sess\u00e3o conduzida em ingl\u00eas, sem tradu\u00e7\u00e3o. Acesso livre","og_url":"https:\/\/doclisboa.org\/2021\/nebulae\/arche\/sessao-de-apresentacao-de-projectos\/","og_site_name":"Doclisboa 2021","article_modified_time":"2021-10-06T10:07:46+00:00","og_image":[{"width":1800,"height":945,"url":"https:\/\/doclisboa.org\/2021\/wp-content\/uploads\/2021\/10\/cropped-doclisboa-facebook-1800x945.png","type":"image\/png"}],"twitter_card":"summary_large_image","schema":{"@context":"https:\/\/schema.org","@graph":[{"@type":"Organization","@id":"https:\/\/doclisboa.org\/2021\/#organization","name":"Doclisboa","url":"https:\/\/doclisboa.org\/2021\/","sameAs":[],"logo":{"@type":"ImageObject","@id":"https:\/\/doclisboa.org\/2021\/#logo","inLanguage":"pt-PT","url":"https:\/\/doclisboa.org\/2021\/wp-content\/uploads\/2021\/10\/banner-mobile-doclisboa.jpg","contentUrl":"https:\/\/doclisboa.org\/2021\/wp-content\/uploads\/2021\/10\/banner-mobile-doclisboa.jpg","width":1800,"height":1800,"caption":"Doclisboa"},"image":{"@id":"https:\/\/doclisboa.org\/2021\/#logo"}},{"@type":"WebSite","@id":"https:\/\/doclisboa.org\/2021\/#website","url":"https:\/\/doclisboa.org\/2021\/","name":"Doclisboa 2021","description":"19\u00ba Festival Internacional de Cinema","publisher":{"@id":"https:\/\/doclisboa.org\/2021\/#organization"},"potentialAction":[{"@type":"SearchAction","target":{"@type":"EntryPoint","urlTemplate":"https:\/\/doclisboa.org\/2021\/?s={search_term_string}"},"query-input":"required name=search_term_string"}],"inLanguage":"pt-PT"},{"@type":"WebPage","@id":"https:\/\/doclisboa.org\/2021\/nebulae\/arche\/sessao-de-apresentacao-de-projectos\/#webpage","url":"https:\/\/doclisboa.org\/2021\/nebulae\/arche\/sessao-de-apresentacao-de-projectos\/","name":"Sess\u00e3o de apresenta\u00e7\u00e3o de projectos - Doclisboa 2021","isPartOf":{"@id":"https:\/\/doclisboa.org\/2021\/#website"},"datePublished":"2021-10-06T10:05:51+00:00","dateModified":"2021-10-06T10:07:46+00:00","breadcrumb":{"@id":"https:\/\/doclisboa.org\/2021\/nebulae\/arche\/sessao-de-apresentacao-de-projectos\/#breadcrumb"},"inLanguage":"pt-PT","potentialAction":[{"@type":"ReadAction","target":["https:\/\/doclisboa.org\/2021\/nebulae\/arche\/sessao-de-apresentacao-de-projectos\/"]}]},{"@type":"BreadcrumbList","@id":"https:\/\/doclisboa.org\/2021\/nebulae\/arche\/sessao-de-apresentacao-de-projectos\/#breadcrumb","itemListElement":[{"@type":"ListItem","position":1,"name":"In\u00edcio","item":"https:\/\/doclisboa.org\/2021\/"},{"@type":"ListItem","position":2,"name":"Nebulae","item":"https:\/\/doclisboa.org\/2021\/nebulae\/"},{"@type":"ListItem","position":3,"name":"Arch\u00e9","item":"https:\/\/doclisboa.org\/2021\/nebulae\/arche\/"},{"@type":"ListItem","position":4,"name":"Sess\u00e3o de apresenta\u00e7\u00e3o de projectos"}]}]}},"_links":{"self":[{"href":"https:\/\/doclisboa.org\/2021\/wp-json\/wp\/v2\/pages\/23609","targetHints":{"allow":["GET"]}}],"collection":[{"href":"https:\/\/doclisboa.org\/2021\/wp-json\/wp\/v2\/pages"}],"about":[{"href":"https:\/\/doclisboa.org\/2021\/wp-json\/wp\/v2\/types\/page"}],"author":[{"embeddable":true,"href":"https:\/\/doclisboa.org\/2021\/wp-json\/wp\/v2\/users\/1"}],"replies":[{"embeddable":true,"href":"https:\/\/doclisboa.org\/2021\/wp-json\/wp\/v2\/comments?post=23609"}],"version-history":[{"count":3,"href":"https:\/\/doclisboa.org\/2021\/wp-json\/wp\/v2\/pages\/23609\/revisions"}],"predecessor-version":[{"id":23612,"href":"https:\/\/doclisboa.org\/2021\/wp-json\/wp\/v2\/pages\/23609\/revisions\/23612"}],"up":[{"embeddable":true,"href":"https:\/\/doclisboa.org\/2021\/wp-json\/wp\/v2\/pages\/191"}],"wp:attachment":[{"href":"https:\/\/doclisboa.org\/2021\/wp-json\/wp\/v2\/media?parent=23609"}],"curies":[{"name":"wp","href":"https:\/\/api.w.org\/{rel}","templated":true}]}}