{"id":23728,"date":"2021-10-08T10:20:47","date_gmt":"2021-10-08T10:20:47","guid":{"rendered":"https:\/\/doclisboa.org\/2021\/?page_id=23728"},"modified":"2021-10-08T10:23:45","modified_gmt":"2021-10-08T10:23:45","slug":"sessao-especial-o-meu-bairro-e-lisboa","status":"publish","type":"page","link":"https:\/\/doclisboa.org\/2021\/projecto-educativo\/sessao-especial-o-meu-bairro-e-lisboa\/","title":{"rendered":"Sess\u00e3o Especial O Meu Bairro \u00e9 Lisboa"},"content":{"rendered":"<p><strong>30 OUT (s\u00e1b) \/ 11.00, S\u00e3o Jorge \u2013 Sala Manoel de Oliveira<\/strong><\/p>\n<p>Uma deambula\u00e7\u00e3o pelos cantos da cidade atrav\u00e9s das suas hist\u00f3rias e personagens, passado e presente. Ao longo de 10 semanas, em 10 bairros lisboetas, 10 grupos informais de moradores realizaram 10 curtas-metragens com interven\u00e7\u00e3o da cineasta Nathalie Mansoux. Uma sess\u00e3o seguida de debate com os grupos que realizaram os filmes. Assim se celebram os 10 anos da Estrat\u00e9gia de Desenvolvimento Local BIP\/ZIP.<\/p>\n<p><strong>Dulce<\/strong><br \/>\nA costureira do Bairro Alto que est\u00e1 sempre \u00e0 janela.<br \/>\n<strong>Todos os Cantos \u00e0 Volta da Frutaria<\/strong><br \/>\nNos Anjos, nem sempre \u00e9 f\u00e1cil filmar numa frutaria.<br \/>\n<strong>Aqui Mesmo<\/strong><br \/>\nNininho e Tano Vaz Maia no bairro onde cresceram: a Picheleira.<br \/>\n<strong>Turismo no Nosso Bairro<\/strong><br \/>\nDa quinta real at\u00e9 ao Bairro do Bom Pastor.<br \/>\n<strong>Percursos<\/strong><br \/>\nUma bicicleta e um hotel para falar da Quinta das Laranjeiras e do Casal dos Machados.<br \/>\n<strong>Ouve-me<\/strong><br \/>\nDois rostos da ocupa\u00e7\u00e3o no Bairro 2 de Maio.<br \/>\n<strong>Abril Cheio de Gra\u00e7a<\/strong><br \/>\nRelembrar Mar\u00e7o de 1973 no bairro da Gra\u00e7a.<br \/>\n<strong>A Mulher Cigana tem Sonhos<\/strong><br \/>\nAs aspira\u00e7\u00f5es de tr\u00eas jovens ciganas do Bairro Alfredo Bensa\u00fade.<br \/>\n<strong>O Ritmo da Escadaria<\/strong><br \/>\nHist\u00f3rias de Angola e Cabo Verde que viajaram para o bairro de Arroios.<br \/>\n<strong>Jai Ambe Mandir<\/strong><br \/>\nO templo hindu e a \u00e1rvore sagrada que est\u00e3o desde 1986 nos Olivais.<\/p>\n<p>Alexandra Alves Lu\u00eds, Ana Beatriz Nunes, Anabela Rodrigues, Andr\u00e9 Ferreira, Andr\u00e9 Gomes, Andrea Cara D\u2019Anjo, Ars\u00e9nio Quindombe, Beatriz Gusm\u00e3o, Constan\u00e7a Mour\u00e3o, Dina Piedade, Em\u00edlia Vieira Branco, F\u00e1bio Ricardo, F\u00e1tima Ramos, Gernice Silva, Gon\u00e7alo Silva Santos, Joana Louren\u00e7o, Jo\u00e3o Mendes, Jo\u00e3o Reis, Jo\u00e3o Rodrigues, Jo\u00e3o V\u00edtor Rodrigues, Julieta Quindombe, Leonardo Gon\u00e7alves, Mariana Calado, Miguel Tom\u00e9, Nandini Ramgi, Narendrecumar Ramgi, Nikil Ramgi, Paula Meggi, Raquel Silva, Sanam Parwani, Ta\u00edssa Silva, Tom\u00e1s Costa Santos, Valdemar Correia, V\u00e2nia Rebolho, Ver\u00f3nica Pereira, Virg\u00ednia Justino \u2022 2021 \u2022 Portugal \u2022 69\u2019<\/p>\n","protected":false},"excerpt":{"rendered":"<p>30 OUT (s\u00e1b) \/ 11.00, S\u00e3o Jorge \u2013 Sala Manoel de Oliveira Uma deambula\u00e7\u00e3o pelos cantos da cidade atrav\u00e9s das suas hist\u00f3rias e personagens, passado e presente. Ao longo de 10 semanas, em 10 bairros lisboetas, 10 grupos informais de moradores realizaram 10 curtas-metragens com interven\u00e7\u00e3o da cineasta Nathalie Mansoux. Uma sess\u00e3o seguida de debate [&hellip;]<\/p>\n","protected":false},"author":1,"featured_media":0,"parent":242,"menu_order":3,"comment_status":"closed","ping_status":"closed","template":"template-texto.php","meta":{"inline_featured_image":false,"_monsterinsights_skip_tracking":false,"_monsterinsights_sitenote_active":false,"_monsterinsights_sitenote_note":"","_monsterinsights_sitenote_category":0,"footnotes":""},"class_list":["post-23728","page","type-page","status-publish","hentry"],"acf":[],"yoast_head":"<!-- This site is optimized with the Yoast SEO plugin v17.9 - https:\/\/yoast.com\/wordpress\/plugins\/seo\/ -->\n<meta name=\"robots\" content=\"index, follow, max-snippet:-1, max-image-preview:large, max-video-preview:-1\" \/>\n<link rel=\"canonical\" href=\"https:\/\/doclisboa.org\/2021\/projecto-educativo\/sessao-especial-o-meu-bairro-e-lisboa\/\" \/>\n<meta property=\"og:locale\" content=\"pt_PT\" \/>\n<meta property=\"og:type\" content=\"article\" \/>\n<meta property=\"og:title\" content=\"Sess\u00e3o Especial O Meu Bairro \u00e9 Lisboa - Doclisboa 2021\" \/>\n<meta property=\"og:description\" content=\"30 OUT (s\u00e1b) \/ 11.00, S\u00e3o Jorge \u2013 Sala Manoel de Oliveira Uma deambula\u00e7\u00e3o pelos cantos da cidade atrav\u00e9s das suas hist\u00f3rias e personagens, passado e presente. Ao longo de 10 semanas, em 10 bairros lisboetas, 10 grupos informais de moradores realizaram 10 curtas-metragens com interven\u00e7\u00e3o da cineasta Nathalie Mansoux. Uma sess\u00e3o seguida de debate [&hellip;]\" \/>\n<meta property=\"og:url\" content=\"https:\/\/doclisboa.org\/2021\/projecto-educativo\/sessao-especial-o-meu-bairro-e-lisboa\/\" \/>\n<meta property=\"og:site_name\" content=\"Doclisboa 2021\" \/>\n<meta property=\"article:modified_time\" content=\"2021-10-08T10:23:45+00:00\" \/>\n<meta property=\"og:image\" content=\"https:\/\/doclisboa.org\/2021\/wp-content\/uploads\/2021\/10\/cropped-doclisboa-facebook-1800x945.png\" \/>\n\t<meta property=\"og:image:width\" content=\"1800\" \/>\n\t<meta property=\"og:image:height\" content=\"945\" \/>\n\t<meta property=\"og:image:type\" content=\"image\/png\" \/>\n<meta name=\"twitter:card\" content=\"summary_large_image\" \/>\n<meta name=\"twitter:label1\" content=\"Tempo estimado de leitura\" \/>\n\t<meta name=\"twitter:data1\" content=\"2 minutos\" \/>\n<script type=\"application\/ld+json\" class=\"yoast-schema-graph\">{\"@context\":\"https:\/\/schema.org\",\"@graph\":[{\"@type\":\"Organization\",\"@id\":\"https:\/\/doclisboa.org\/2021\/#organization\",\"name\":\"Doclisboa\",\"url\":\"https:\/\/doclisboa.org\/2021\/\",\"sameAs\":[],\"logo\":{\"@type\":\"ImageObject\",\"@id\":\"https:\/\/doclisboa.org\/2021\/#logo\",\"inLanguage\":\"pt-PT\",\"url\":\"https:\/\/doclisboa.org\/2021\/wp-content\/uploads\/2021\/10\/banner-mobile-doclisboa.jpg\",\"contentUrl\":\"https:\/\/doclisboa.org\/2021\/wp-content\/uploads\/2021\/10\/banner-mobile-doclisboa.jpg\",\"width\":1800,\"height\":1800,\"caption\":\"Doclisboa\"},\"image\":{\"@id\":\"https:\/\/doclisboa.org\/2021\/#logo\"}},{\"@type\":\"WebSite\",\"@id\":\"https:\/\/doclisboa.org\/2021\/#website\",\"url\":\"https:\/\/doclisboa.org\/2021\/\",\"name\":\"Doclisboa 2021\",\"description\":\"19\\u00ba Festival Internacional de Cinema\",\"publisher\":{\"@id\":\"https:\/\/doclisboa.org\/2021\/#organization\"},\"potentialAction\":[{\"@type\":\"SearchAction\",\"target\":{\"@type\":\"EntryPoint\",\"urlTemplate\":\"https:\/\/doclisboa.org\/2021\/?s={search_term_string}\"},\"query-input\":\"required name=search_term_string\"}],\"inLanguage\":\"pt-PT\"},{\"@type\":\"WebPage\",\"@id\":\"https:\/\/doclisboa.org\/2021\/projecto-educativo\/sessao-especial-o-meu-bairro-e-lisboa\/#webpage\",\"url\":\"https:\/\/doclisboa.org\/2021\/projecto-educativo\/sessao-especial-o-meu-bairro-e-lisboa\/\",\"name\":\"Sess\\u00e3o Especial O Meu Bairro \\u00e9 Lisboa - Doclisboa 2021\",\"isPartOf\":{\"@id\":\"https:\/\/doclisboa.org\/2021\/#website\"},\"datePublished\":\"2021-10-08T10:20:47+00:00\",\"dateModified\":\"2021-10-08T10:23:45+00:00\",\"breadcrumb\":{\"@id\":\"https:\/\/doclisboa.org\/2021\/projecto-educativo\/sessao-especial-o-meu-bairro-e-lisboa\/#breadcrumb\"},\"inLanguage\":\"pt-PT\",\"potentialAction\":[{\"@type\":\"ReadAction\",\"target\":[\"https:\/\/doclisboa.org\/2021\/projecto-educativo\/sessao-especial-o-meu-bairro-e-lisboa\/\"]}]},{\"@type\":\"BreadcrumbList\",\"@id\":\"https:\/\/doclisboa.org\/2021\/projecto-educativo\/sessao-especial-o-meu-bairro-e-lisboa\/#breadcrumb\",\"itemListElement\":[{\"@type\":\"ListItem\",\"position\":1,\"name\":\"In\\u00edcio\",\"item\":\"https:\/\/doclisboa.org\/2021\/\"},{\"@type\":\"ListItem\",\"position\":2,\"name\":\"Projecto Educativo\",\"item\":\"https:\/\/doclisboa.org\/2021\/projecto-educativo\/\"},{\"@type\":\"ListItem\",\"position\":3,\"name\":\"Sess\\u00e3o Especial O Meu Bairro \\u00e9 Lisboa\"}]}]}<\/script>\n<!-- \/ Yoast SEO plugin. -->","yoast_head_json":{"robots":{"index":"index","follow":"follow","max-snippet":"max-snippet:-1","max-image-preview":"max-image-preview:large","max-video-preview":"max-video-preview:-1"},"canonical":"https:\/\/doclisboa.org\/2021\/projecto-educativo\/sessao-especial-o-meu-bairro-e-lisboa\/","og_locale":"pt_PT","og_type":"article","og_title":"Sess\u00e3o Especial O Meu Bairro \u00e9 Lisboa - Doclisboa 2021","og_description":"30 OUT (s\u00e1b) \/ 11.00, S\u00e3o Jorge \u2013 Sala Manoel de Oliveira Uma deambula\u00e7\u00e3o pelos cantos da cidade atrav\u00e9s das suas hist\u00f3rias e personagens, passado e presente. Ao longo de 10 semanas, em 10 bairros lisboetas, 10 grupos informais de moradores realizaram 10 curtas-metragens com interven\u00e7\u00e3o da cineasta Nathalie Mansoux. Uma sess\u00e3o seguida de debate [&hellip;]","og_url":"https:\/\/doclisboa.org\/2021\/projecto-educativo\/sessao-especial-o-meu-bairro-e-lisboa\/","og_site_name":"Doclisboa 2021","article_modified_time":"2021-10-08T10:23:45+00:00","og_image":[{"width":1800,"height":945,"url":"https:\/\/doclisboa.org\/2021\/wp-content\/uploads\/2021\/10\/cropped-doclisboa-facebook-1800x945.png","type":"image\/png"}],"twitter_card":"summary_large_image","twitter_misc":{"Tempo estimado de leitura":"2 minutos"},"schema":{"@context":"https:\/\/schema.org","@graph":[{"@type":"Organization","@id":"https:\/\/doclisboa.org\/2021\/#organization","name":"Doclisboa","url":"https:\/\/doclisboa.org\/2021\/","sameAs":[],"logo":{"@type":"ImageObject","@id":"https:\/\/doclisboa.org\/2021\/#logo","inLanguage":"pt-PT","url":"https:\/\/doclisboa.org\/2021\/wp-content\/uploads\/2021\/10\/banner-mobile-doclisboa.jpg","contentUrl":"https:\/\/doclisboa.org\/2021\/wp-content\/uploads\/2021\/10\/banner-mobile-doclisboa.jpg","width":1800,"height":1800,"caption":"Doclisboa"},"image":{"@id":"https:\/\/doclisboa.org\/2021\/#logo"}},{"@type":"WebSite","@id":"https:\/\/doclisboa.org\/2021\/#website","url":"https:\/\/doclisboa.org\/2021\/","name":"Doclisboa 2021","description":"19\u00ba Festival Internacional de Cinema","publisher":{"@id":"https:\/\/doclisboa.org\/2021\/#organization"},"potentialAction":[{"@type":"SearchAction","target":{"@type":"EntryPoint","urlTemplate":"https:\/\/doclisboa.org\/2021\/?s={search_term_string}"},"query-input":"required name=search_term_string"}],"inLanguage":"pt-PT"},{"@type":"WebPage","@id":"https:\/\/doclisboa.org\/2021\/projecto-educativo\/sessao-especial-o-meu-bairro-e-lisboa\/#webpage","url":"https:\/\/doclisboa.org\/2021\/projecto-educativo\/sessao-especial-o-meu-bairro-e-lisboa\/","name":"Sess\u00e3o Especial O Meu Bairro \u00e9 Lisboa - Doclisboa 2021","isPartOf":{"@id":"https:\/\/doclisboa.org\/2021\/#website"},"datePublished":"2021-10-08T10:20:47+00:00","dateModified":"2021-10-08T10:23:45+00:00","breadcrumb":{"@id":"https:\/\/doclisboa.org\/2021\/projecto-educativo\/sessao-especial-o-meu-bairro-e-lisboa\/#breadcrumb"},"inLanguage":"pt-PT","potentialAction":[{"@type":"ReadAction","target":["https:\/\/doclisboa.org\/2021\/projecto-educativo\/sessao-especial-o-meu-bairro-e-lisboa\/"]}]},{"@type":"BreadcrumbList","@id":"https:\/\/doclisboa.org\/2021\/projecto-educativo\/sessao-especial-o-meu-bairro-e-lisboa\/#breadcrumb","itemListElement":[{"@type":"ListItem","position":1,"name":"In\u00edcio","item":"https:\/\/doclisboa.org\/2021\/"},{"@type":"ListItem","position":2,"name":"Projecto Educativo","item":"https:\/\/doclisboa.org\/2021\/projecto-educativo\/"},{"@type":"ListItem","position":3,"name":"Sess\u00e3o Especial O Meu Bairro \u00e9 Lisboa"}]}]}},"_links":{"self":[{"href":"https:\/\/doclisboa.org\/2021\/wp-json\/wp\/v2\/pages\/23728","targetHints":{"allow":["GET"]}}],"collection":[{"href":"https:\/\/doclisboa.org\/2021\/wp-json\/wp\/v2\/pages"}],"about":[{"href":"https:\/\/doclisboa.org\/2021\/wp-json\/wp\/v2\/types\/page"}],"author":[{"embeddable":true,"href":"https:\/\/doclisboa.org\/2021\/wp-json\/wp\/v2\/users\/1"}],"replies":[{"embeddable":true,"href":"https:\/\/doclisboa.org\/2021\/wp-json\/wp\/v2\/comments?post=23728"}],"version-history":[{"count":2,"href":"https:\/\/doclisboa.org\/2021\/wp-json\/wp\/v2\/pages\/23728\/revisions"}],"predecessor-version":[{"id":23730,"href":"https:\/\/doclisboa.org\/2021\/wp-json\/wp\/v2\/pages\/23728\/revisions\/23730"}],"up":[{"embeddable":true,"href":"https:\/\/doclisboa.org\/2021\/wp-json\/wp\/v2\/pages\/242"}],"wp:attachment":[{"href":"https:\/\/doclisboa.org\/2021\/wp-json\/wp\/v2\/media?parent=23728"}],"curies":[{"name":"wp","href":"https:\/\/api.w.org\/{rel}","templated":true}]}}