{"id":24142,"date":"2021-10-11T14:43:52","date_gmt":"2021-10-11T14:43:52","guid":{"rendered":"https:\/\/doclisboa.org\/2021\/?page_id=24142"},"modified":"2021-10-15T16:22:18","modified_gmt":"2021-10-15T16:22:18","slug":"encontro-aberto","status":"publish","type":"page","link":"https:\/\/doclisboa.org\/2021\/nebulae\/seminario-de-realizacao\/encontro-aberto\/","title":{"rendered":"Encontro Aberto"},"content":{"rendered":"<p>Depois de quatro dias intensos de trabalho, os bolseiros da UNDO Fellowship 2022 e os participantes seleccionados convidam o resto do Festival a ouvir e contribuir para o di\u00e1logo em curso neste encontro aberto. Um espa\u00e7o de partilha e discuss\u00e3o alargado ao p\u00fablico interessado e profissionais do cinema.<\/p>\n<p><strong>26 OUT (ter) \/ 17.00, S\u00e3o Jorge \u2013 Sala 2<\/strong><br \/>\nEntrada livre<\/p>\n<h3>Bolseiros<\/h3>\n<p>&nbsp;<br \/>\n<img decoding=\"async\" src=\"https:\/\/doclisboa.org\/2021\/wp-content\/uploads\/2021\/10\/ashon-doclisboa.jpg\" alt=\"Ashon Crawley\" \/><br \/>\n<strong>Ashon Crawley<\/strong><br \/>\nEscritor, artista e professor a residir em Charlottesville, na Virg\u00ednia. O seu trabalho explora a intersec\u00e7\u00e3o entre performance, negritude, ser queer e espiritualidade. \u00c9 professor de estudos religiosos e estudos afro-americanos e africanos na Universidade da Virg\u00ednia. Est\u00e1 a trabalhar num livro sobre a vida negra contempor\u00e2nea como disposi\u00e7\u00e3o espiritual, postura, gesto e rela\u00e7\u00e3o e num outro sobre o \u00f3rg\u00e3o Hammond B3, a igreja negra e a sexualidade.<br \/>\n&nbsp;<br \/>\n&nbsp;<br \/>\n<img decoding=\"async\" src=\"https:\/\/doclisboa.org\/2021\/wp-content\/uploads\/2021\/10\/crystal-doclisboa.jpg\" alt=\"Crystal Z Campbell\" \/><br \/>\n<strong>Crystal Z Campbell<\/strong><br \/>\nArtista multidisciplinar, cineasta experimental e escritora de ascend\u00eancia afro-americana, filipina e chinesa que vive e trabalha em Nova Iorque e Oklahoma. Recebeu v\u00e1rios pr\u00e9mios e o seu trabalho foi exposto ou exibido no Museu de Arte Moderna de S\u00e3o Francisco, Drawing Center, Instituto de Arte Contempor\u00e2nea de Filad\u00e9lfia, REDCAT, Artissima, Studio Museum em Harlem, Project Row Houses, e SculptureCenter, entre outros. Fundou o archiveacts.com.<br \/>\n&nbsp;<br \/>\n&nbsp;<br \/>\n<img decoding=\"async\" src=\"https:\/\/doclisboa.org\/2021\/wp-content\/uploads\/2021\/10\/deborah-doclisboa.jpg\" alt=\"Deborah Stratman\" \/><br \/>\n<strong>Deborah Stratman<\/strong><br \/>\nDeborah Stratman faz filmes e obras de arte que questionam o poder, o controlo e a cren\u00e7a, considerando a forma como os lugares, as ideias e a sociedade se interligam. Considera o som a multi-ferramenta suprema e que o tempo \u00e9 sobrenatural. Em projectos recentes, abordou a liberdade, vigil\u00e2ncia, difus\u00e3o, dolinas, cometas, aves de rapina, ort\u00f3pteros, levita\u00e7\u00e3o, \u00eaxodo, evolu\u00e7\u00e3o, irmandade e f\u00e9. Vive e lecciona em Chicago, na Universidade de Illinois.<br \/>\n&nbsp;<br \/>\n&nbsp;<br \/>\n<img decoding=\"async\" src=\"https:\/\/doclisboa.org\/2021\/wp-content\/uploads\/2021\/10\/sukhdev-doclisboa.jpg\" alt=\"Sukhdev Sandhu\" \/><br \/>\n<strong>Sukhdev Sandhu<\/strong><br \/>\nAutor de London Calling: How Black and South Asian Writers Imagined a City, I\u2019ll Get My Coat, Night Haunts e Other Musics. Escreve sobre cinema documental e internacional, m\u00fasica experimental, sociologia e a po\u00e9tica migrante para publica\u00e7\u00f5es como Film Comment, Artforum, The Wire e The Guardian. Lecciona estudos asi\u00e1ticos, do Pac\u00edfico e americanos e literatura inglesa na Universidade de Nova Iorque, onde tamb\u00e9m dirige o Col\u00f3quio para uma Cultura Impopular.<br \/>\n&nbsp;<br \/>\n&nbsp;<br \/>\n<img decoding=\"async\" src=\"https:\/\/doclisboa.org\/2021\/wp-content\/uploads\/2021\/10\/lakshmi-doclisboa.jpg\" alt=\"Lakshmi Padmanabhan\" \/><br \/>\n<strong>Lakshmi Padmanabhan<\/strong><br \/>\nLecciona r\u00e1dio, televis\u00e3o e cinema na Universidade de Northwestern. O seu ensino e a sua pesquisa centram-se no cinema experimental, teoria p\u00f3s-colonial, teoria feminista e teoria queer. O livro em que est\u00e1 a trabalhar aborda a forma como as artistas documentais feministas da \u00c1sia do Sul fazem experi\u00eancias com o formato cinematogr\u00e1fico para imaginar uma \u00e9tica p\u00f3s-colonial radical. Publicou, entre outros, na Camera Obscura e Art History.<br \/>\n&nbsp;<br \/>\n&nbsp;<br \/>\n<img decoding=\"async\" src=\"https:\/\/doclisboa.org\/2021\/wp-content\/uploads\/2021\/10\/miryam-doclisboa.jpg\" alt=\"Miryam Charles\" \/><br \/>\n<strong>Miryam Charles<\/strong><br \/>\nProduziu e foi directora de fotografia de v\u00e1rias curtas e longas-metragens de fic\u00e7\u00e3o. Realizou v\u00e1rias curtas-metragens apresentadas em festivais no Quebeque e no estrangeiro. Est\u00e1 a trabalhar nas suas primeiras longas, Cette maison (document\u00e1rio) e Le Marabout (fic\u00e7\u00e3o). \u00c9 actualmente artista residente na Universidade de Concordia e membro da direc\u00e7\u00e3o do RIDM Festival Internacional de Document\u00e1rio de Montreal, Dazibao e La Coop Vid\u00e9o Montreal.<br \/>\n&nbsp;<br \/>\n&nbsp;<br \/>\n<img decoding=\"async\" src=\"https:\/\/doclisboa.org\/2021\/wp-content\/uploads\/2021\/10\/jas-doclisboa.jpg\" alt=\"Jas Morgan\" \/><br \/>\n<strong>Jas Morgan<\/strong><br \/>\nVive em Toronto, frequenta o doutoramento em hist\u00f3ria de arte na Universidade de McGill e lecciona no departamento de ingl\u00eas da Universidade de Ryerson. Colaborou na edi\u00e7\u00e3o da Canadian Art. O seu primeiro livro, n\u00eetis\u00e2nak (2018), ganhou o prestigiante Pr\u00e9mio Dayne Ogilive 2019 e um pr\u00e9mio para livro de estreia da Federa\u00e7\u00e3o de Escritores do Quebeque e foi nomeado para um Pr\u00e9mio Liter\u00e1rio Lambda e um Pr\u00e9mio Liter\u00e1rio Vozes Ind\u00edgenas.<br \/>\n&nbsp;<br \/>\n&nbsp;<br \/>\n<img decoding=\"async\" src=\"https:\/\/doclisboa.org\/2021\/wp-content\/uploads\/2021\/10\/thirza-doclisboa.jpg\" alt=\"Thirza Jean Cuthand\" \/><br \/>\n<strong>Thirza Jean Cuthand<\/strong><br \/>\nVive em Toronto e vem fazendo v\u00eddeos e filmes narrativos experimentais de curta dura\u00e7\u00e3o sobre sexualidade, loucura, identidade e amor queer e indigeneidade desde 1995, os quais foram exibidos em festivais internacionais, incluindo Nova Iorque, S\u00e3o Paulo, Toronto, Berlim e Oberhausen. Bacharelato em belas artes, com especializa\u00e7\u00e3o em cinema e v\u00eddeo, na Universidade de Arte e Design Emily Carr e mestrado em arte e produ\u00e7\u00e3o m\u00e9dia na Universidade X.<\/p>\n","protected":false},"excerpt":{"rendered":"<p>Depois de quatro dias intensos de trabalho, os bolseiros da UNDO Fellowship 2022 e os participantes seleccionados convidam o resto do Festival a ouvir e contribuir para o di\u00e1logo em curso neste encontro aberto. Um espa\u00e7o de partilha e discuss\u00e3o alargado ao p\u00fablico interessado e profissionais do cinema. 26 OUT (ter) \/ 17.00, S\u00e3o Jorge [&hellip;]<\/p>\n","protected":false},"author":1,"featured_media":0,"parent":189,"menu_order":0,"comment_status":"closed","ping_status":"closed","template":"template-texto.php","meta":{"inline_featured_image":false,"_monsterinsights_skip_tracking":false,"_monsterinsights_sitenote_active":false,"_monsterinsights_sitenote_note":"","_monsterinsights_sitenote_category":0,"footnotes":""},"class_list":["post-24142","page","type-page","status-publish","hentry"],"acf":[],"yoast_head":"<!-- This site is optimized with the Yoast SEO plugin v17.9 - https:\/\/yoast.com\/wordpress\/plugins\/seo\/ -->\n<meta name=\"robots\" content=\"index, follow, max-snippet:-1, max-image-preview:large, max-video-preview:-1\" \/>\n<link rel=\"canonical\" href=\"https:\/\/doclisboa.org\/2021\/nebulae\/seminario-de-realizacao\/encontro-aberto\/\" \/>\n<meta property=\"og:locale\" content=\"pt_PT\" \/>\n<meta property=\"og:type\" content=\"article\" \/>\n<meta property=\"og:title\" content=\"Encontro Aberto - Doclisboa 2021\" \/>\n<meta property=\"og:description\" content=\"Depois de quatro dias intensos de trabalho, os bolseiros da UNDO Fellowship 2022 e os participantes seleccionados convidam o resto do Festival a ouvir e contribuir para o di\u00e1logo em curso neste encontro aberto. Um espa\u00e7o de partilha e discuss\u00e3o alargado ao p\u00fablico interessado e profissionais do cinema. 26 OUT (ter) \/ 17.00, S\u00e3o Jorge [&hellip;]\" \/>\n<meta property=\"og:url\" content=\"https:\/\/doclisboa.org\/2021\/nebulae\/seminario-de-realizacao\/encontro-aberto\/\" \/>\n<meta property=\"og:site_name\" content=\"Doclisboa 2021\" \/>\n<meta property=\"article:modified_time\" content=\"2021-10-15T16:22:18+00:00\" \/>\n<meta property=\"og:image\" content=\"https:\/\/doclisboa.org\/2021\/wp-content\/uploads\/2021\/10\/ashon-doclisboa.jpg\" \/>\n<meta name=\"twitter:card\" content=\"summary_large_image\" \/>\n<meta name=\"twitter:label1\" content=\"Tempo estimado de leitura\" \/>\n\t<meta name=\"twitter:data1\" content=\"3 minutos\" \/>\n<script type=\"application\/ld+json\" class=\"yoast-schema-graph\">{\"@context\":\"https:\/\/schema.org\",\"@graph\":[{\"@type\":\"Organization\",\"@id\":\"https:\/\/doclisboa.org\/2021\/#organization\",\"name\":\"Doclisboa\",\"url\":\"https:\/\/doclisboa.org\/2021\/\",\"sameAs\":[],\"logo\":{\"@type\":\"ImageObject\",\"@id\":\"https:\/\/doclisboa.org\/2021\/#logo\",\"inLanguage\":\"pt-PT\",\"url\":\"https:\/\/doclisboa.org\/2021\/wp-content\/uploads\/2021\/10\/banner-mobile-doclisboa.jpg\",\"contentUrl\":\"https:\/\/doclisboa.org\/2021\/wp-content\/uploads\/2021\/10\/banner-mobile-doclisboa.jpg\",\"width\":1800,\"height\":1800,\"caption\":\"Doclisboa\"},\"image\":{\"@id\":\"https:\/\/doclisboa.org\/2021\/#logo\"}},{\"@type\":\"WebSite\",\"@id\":\"https:\/\/doclisboa.org\/2021\/#website\",\"url\":\"https:\/\/doclisboa.org\/2021\/\",\"name\":\"Doclisboa 2021\",\"description\":\"19\\u00ba Festival Internacional de Cinema\",\"publisher\":{\"@id\":\"https:\/\/doclisboa.org\/2021\/#organization\"},\"potentialAction\":[{\"@type\":\"SearchAction\",\"target\":{\"@type\":\"EntryPoint\",\"urlTemplate\":\"https:\/\/doclisboa.org\/2021\/?s={search_term_string}\"},\"query-input\":\"required name=search_term_string\"}],\"inLanguage\":\"pt-PT\"},{\"@type\":\"ImageObject\",\"@id\":\"https:\/\/doclisboa.org\/2021\/nebulae\/seminario-de-realizacao\/encontro-aberto\/#primaryimage\",\"inLanguage\":\"pt-PT\",\"url\":\"https:\/\/doclisboa.org\/2021\/wp-content\/uploads\/2021\/10\/ashon-doclisboa.jpg\",\"contentUrl\":\"https:\/\/doclisboa.org\/2021\/wp-content\/uploads\/2021\/10\/ashon-doclisboa.jpg\",\"width\":1800,\"height\":400,\"caption\":\"ashon doclisboa\"},{\"@type\":\"WebPage\",\"@id\":\"https:\/\/doclisboa.org\/2021\/nebulae\/seminario-de-realizacao\/encontro-aberto\/#webpage\",\"url\":\"https:\/\/doclisboa.org\/2021\/nebulae\/seminario-de-realizacao\/encontro-aberto\/\",\"name\":\"Encontro Aberto - Doclisboa 2021\",\"isPartOf\":{\"@id\":\"https:\/\/doclisboa.org\/2021\/#website\"},\"primaryImageOfPage\":{\"@id\":\"https:\/\/doclisboa.org\/2021\/nebulae\/seminario-de-realizacao\/encontro-aberto\/#primaryimage\"},\"datePublished\":\"2021-10-11T14:43:52+00:00\",\"dateModified\":\"2021-10-15T16:22:18+00:00\",\"breadcrumb\":{\"@id\":\"https:\/\/doclisboa.org\/2021\/nebulae\/seminario-de-realizacao\/encontro-aberto\/#breadcrumb\"},\"inLanguage\":\"pt-PT\",\"potentialAction\":[{\"@type\":\"ReadAction\",\"target\":[\"https:\/\/doclisboa.org\/2021\/nebulae\/seminario-de-realizacao\/encontro-aberto\/\"]}]},{\"@type\":\"BreadcrumbList\",\"@id\":\"https:\/\/doclisboa.org\/2021\/nebulae\/seminario-de-realizacao\/encontro-aberto\/#breadcrumb\",\"itemListElement\":[{\"@type\":\"ListItem\",\"position\":1,\"name\":\"In\\u00edcio\",\"item\":\"https:\/\/doclisboa.org\/2021\/\"},{\"@type\":\"ListItem\",\"position\":2,\"name\":\"Nebulae\",\"item\":\"https:\/\/doclisboa.org\/2021\/nebulae\/\"},{\"@type\":\"ListItem\",\"position\":3,\"name\":\"Semin\\u00e1rio de Realiza\\u00e7\\u00e3o\",\"item\":\"https:\/\/doclisboa.org\/2021\/nebulae\/seminario-de-realizacao\/\"},{\"@type\":\"ListItem\",\"position\":4,\"name\":\"Encontro Aberto\"}]}]}<\/script>\n<!-- \/ Yoast SEO plugin. -->","yoast_head_json":{"robots":{"index":"index","follow":"follow","max-snippet":"max-snippet:-1","max-image-preview":"max-image-preview:large","max-video-preview":"max-video-preview:-1"},"canonical":"https:\/\/doclisboa.org\/2021\/nebulae\/seminario-de-realizacao\/encontro-aberto\/","og_locale":"pt_PT","og_type":"article","og_title":"Encontro Aberto - Doclisboa 2021","og_description":"Depois de quatro dias intensos de trabalho, os bolseiros da UNDO Fellowship 2022 e os participantes seleccionados convidam o resto do Festival a ouvir e contribuir para o di\u00e1logo em curso neste encontro aberto. Um espa\u00e7o de partilha e discuss\u00e3o alargado ao p\u00fablico interessado e profissionais do cinema. 26 OUT (ter) \/ 17.00, S\u00e3o Jorge [&hellip;]","og_url":"https:\/\/doclisboa.org\/2021\/nebulae\/seminario-de-realizacao\/encontro-aberto\/","og_site_name":"Doclisboa 2021","article_modified_time":"2021-10-15T16:22:18+00:00","og_image":[{"url":"https:\/\/doclisboa.org\/2021\/wp-content\/uploads\/2021\/10\/ashon-doclisboa.jpg"}],"twitter_card":"summary_large_image","twitter_misc":{"Tempo estimado de leitura":"3 minutos"},"schema":{"@context":"https:\/\/schema.org","@graph":[{"@type":"Organization","@id":"https:\/\/doclisboa.org\/2021\/#organization","name":"Doclisboa","url":"https:\/\/doclisboa.org\/2021\/","sameAs":[],"logo":{"@type":"ImageObject","@id":"https:\/\/doclisboa.org\/2021\/#logo","inLanguage":"pt-PT","url":"https:\/\/doclisboa.org\/2021\/wp-content\/uploads\/2021\/10\/banner-mobile-doclisboa.jpg","contentUrl":"https:\/\/doclisboa.org\/2021\/wp-content\/uploads\/2021\/10\/banner-mobile-doclisboa.jpg","width":1800,"height":1800,"caption":"Doclisboa"},"image":{"@id":"https:\/\/doclisboa.org\/2021\/#logo"}},{"@type":"WebSite","@id":"https:\/\/doclisboa.org\/2021\/#website","url":"https:\/\/doclisboa.org\/2021\/","name":"Doclisboa 2021","description":"19\u00ba Festival Internacional de Cinema","publisher":{"@id":"https:\/\/doclisboa.org\/2021\/#organization"},"potentialAction":[{"@type":"SearchAction","target":{"@type":"EntryPoint","urlTemplate":"https:\/\/doclisboa.org\/2021\/?s={search_term_string}"},"query-input":"required name=search_term_string"}],"inLanguage":"pt-PT"},{"@type":"ImageObject","@id":"https:\/\/doclisboa.org\/2021\/nebulae\/seminario-de-realizacao\/encontro-aberto\/#primaryimage","inLanguage":"pt-PT","url":"https:\/\/doclisboa.org\/2021\/wp-content\/uploads\/2021\/10\/ashon-doclisboa.jpg","contentUrl":"https:\/\/doclisboa.org\/2021\/wp-content\/uploads\/2021\/10\/ashon-doclisboa.jpg","width":1800,"height":400,"caption":"ashon doclisboa"},{"@type":"WebPage","@id":"https:\/\/doclisboa.org\/2021\/nebulae\/seminario-de-realizacao\/encontro-aberto\/#webpage","url":"https:\/\/doclisboa.org\/2021\/nebulae\/seminario-de-realizacao\/encontro-aberto\/","name":"Encontro Aberto - Doclisboa 2021","isPartOf":{"@id":"https:\/\/doclisboa.org\/2021\/#website"},"primaryImageOfPage":{"@id":"https:\/\/doclisboa.org\/2021\/nebulae\/seminario-de-realizacao\/encontro-aberto\/#primaryimage"},"datePublished":"2021-10-11T14:43:52+00:00","dateModified":"2021-10-15T16:22:18+00:00","breadcrumb":{"@id":"https:\/\/doclisboa.org\/2021\/nebulae\/seminario-de-realizacao\/encontro-aberto\/#breadcrumb"},"inLanguage":"pt-PT","potentialAction":[{"@type":"ReadAction","target":["https:\/\/doclisboa.org\/2021\/nebulae\/seminario-de-realizacao\/encontro-aberto\/"]}]},{"@type":"BreadcrumbList","@id":"https:\/\/doclisboa.org\/2021\/nebulae\/seminario-de-realizacao\/encontro-aberto\/#breadcrumb","itemListElement":[{"@type":"ListItem","position":1,"name":"In\u00edcio","item":"https:\/\/doclisboa.org\/2021\/"},{"@type":"ListItem","position":2,"name":"Nebulae","item":"https:\/\/doclisboa.org\/2021\/nebulae\/"},{"@type":"ListItem","position":3,"name":"Semin\u00e1rio de Realiza\u00e7\u00e3o","item":"https:\/\/doclisboa.org\/2021\/nebulae\/seminario-de-realizacao\/"},{"@type":"ListItem","position":4,"name":"Encontro Aberto"}]}]}},"_links":{"self":[{"href":"https:\/\/doclisboa.org\/2021\/wp-json\/wp\/v2\/pages\/24142","targetHints":{"allow":["GET"]}}],"collection":[{"href":"https:\/\/doclisboa.org\/2021\/wp-json\/wp\/v2\/pages"}],"about":[{"href":"https:\/\/doclisboa.org\/2021\/wp-json\/wp\/v2\/types\/page"}],"author":[{"embeddable":true,"href":"https:\/\/doclisboa.org\/2021\/wp-json\/wp\/v2\/users\/1"}],"replies":[{"embeddable":true,"href":"https:\/\/doclisboa.org\/2021\/wp-json\/wp\/v2\/comments?post=24142"}],"version-history":[{"count":6,"href":"https:\/\/doclisboa.org\/2021\/wp-json\/wp\/v2\/pages\/24142\/revisions"}],"predecessor-version":[{"id":24393,"href":"https:\/\/doclisboa.org\/2021\/wp-json\/wp\/v2\/pages\/24142\/revisions\/24393"}],"up":[{"embeddable":true,"href":"https:\/\/doclisboa.org\/2021\/wp-json\/wp\/v2\/pages\/189"}],"wp:attachment":[{"href":"https:\/\/doclisboa.org\/2021\/wp-json\/wp\/v2\/media?parent=24142"}],"curies":[{"name":"wp","href":"https:\/\/api.w.org\/{rel}","templated":true}]}}