{"id":259,"date":"2021-09-21T14:18:27","date_gmt":"2021-09-21T14:18:27","guid":{"rendered":"https:\/\/doclisboa.org\/2021\/?page_id=259"},"modified":"2021-10-13T12:49:34","modified_gmt":"2021-10-13T12:49:34","slug":"bilhetes","status":"publish","type":"page","link":"https:\/\/doclisboa.org\/2021\/informacoes\/bilhetes\/","title":{"rendered":"Bilhetes"},"content":{"rendered":"<h3>Venda virtual<\/h3>\n<p>Bilhetes \u00e0 venda a partir de 7 de Outubro.<\/p>\n<p>Para sess\u00f5es na Culturgest e Cinema S\u00e3o Jorge em <a href=\"https:\/\/ticketline.sapo.pt\/pesquisa?query=doclisboa&#038;district=&#038;venue=&#038;category=&#038;from=&#038;to=\" rel=\"noopener\" target=\"_blank\">ticketline.sapo.pt<\/a>.<br \/>\nPara sess\u00f5es na Cinemateca Portuguesa e Museu do Oriente em <a href=\"https:\/\/bol.pt\/Comprar\/Pesquisa?q=doclisboa&#038;dist=0&#038;e=0\" rel=\"noopener\" target=\"_blank\">bol.pt<\/a>.<br \/>\nPara sess\u00f5es no Cinema City Campo Pequeno em <a href=\"https:\/\/www.cinemacity.pt\/editorial\/cinema-city-campo-pequeno\/\" rel=\"noopener\" target=\"_blank\">cinemacity.pt<\/a> ou na app Cinema City.<\/p>\n<h3>Venda f\u00edsica<\/h3>\n<p>Bilhetes \u00e0 venda a partir de 7 de Outubro excepto no Cinema S\u00e3o Jorge e Cinema City Campo Pequeno.<\/p>\n<p>As bilheteiras centrais da Culturgest e Cinema S\u00e3o Jorge vendem entradas para qualquer sess\u00e3o do Doclisboa. No caso da Cinemateca Portuguesa, Cinema Ideal, Museu do Oriente e Cinema City Campo Pequeno apenas at\u00e9 ao dia anterior \u00e0 sess\u00e3o (no pr\u00f3prio dia, o bilhete dever\u00e1 ser adquirido na respectiva bilheteira).<\/p>\n<p>As entradas tamb\u00e9m podem ser adquiridas no postos parceiros da ticketline: A.B.E.P., Altice F\u00f3rum Braga, ASK ME Lisboa, Associa\u00e7\u00e3o de Estudantes da Faculdade de Medicina da Universidade de Lisboa, Cascais Visitor Center, Casino Lisboa, Ceetrus \u2013 Sintra e Montijo, Centro Cultural de Bel\u00e9m, E. Leclerc Guimar\u00e3es e Famalic\u00e3o, El Corte Ingl\u00e9s, Fnac, Galerias Campo Pequeno, IT-Tabacarias Amadora, Estoril e Almada F\u00f3rum, MMM Ticket, Mundicenter, Pavilh\u00e3o Multiusos de Guimar\u00e3es, Super Bock Arena \u2013 Pavilh\u00e3o Rosa Mota, SuperCor \u2013 Supermercados, Teatro Tivoli BBVA, Time Out Mercado da Ribeira, U-Ticketline e Worten. Reservas\/informa\u00e7\u00f5es: ligue 1820 (24h)<\/p>\n<p>O voucher Doclisboa pode ser comprado na Culturgest ou no Cinema S\u00e3o Jorge e \u00e9 v\u00e1lido para todas as sess\u00f5es, \u00e0 excep\u00e7\u00e3o das sess\u00f5es 3D. A troca do voucher por bilhetes para a Cinemateca Portuguesa, Cinema Ideal, Museu do Oriente e Cinema City Campo Pequeno s\u00f3 pode ser feita nas bilheteiras centrais e at\u00e9 ao dia anterior \u00e0 sess\u00e3o. O voucher permite levantar mais do que um bilhete para cada sess\u00e3o.<\/p>\n<p>Os bilhetes para sess\u00f5es e eventos de entrada gratuita devem ser levantados no pr\u00f3prio dia e no pr\u00f3prio local.<\/p>\n<h3>Pre\u00e7os dos bilhetes<\/h3>\n<p><strong>Bilhetes sem desconto<\/strong><br \/>\nBilhete normal avulso \u2013 4,50\u20ac<br \/>\nBilhete normal Cinemateca Portuguesa \u2013 3,20\u20ac<br \/>\nBilhete normal 3D Cinema City Campo pequeno \u2013 6\u20ac<\/p>\n<p><strong>Bilhetes com desconto<\/strong><br \/>\nBilhete com desconto para jovens at\u00e9 aos 30 anos, maiores de 65 anos, desempregados mediante a apresenta\u00e7\u00e3o de documento comprovativo e portadores do cart\u00e3o de s\u00f3cio Gerador (\u00e0 excep\u00e7\u00e3o da Cinemateca Portuguesa) \u2013 3,50\u20ac<br \/>\nBilhete com desconto para estudantes, Cart\u00e3o Jovem, reformados e pensionistas (apenas na Cinemateca Portuguesa) \u2013 2,15\u20ac<br \/>\nBilhete com desconto para amigos da Cinemateca e estudantes de cinema (apenas na Cinemateca Portuguesa) \u2013 1,35\u20ac<br \/>\nBilhete com desconto para s\u00f3cios Apordoc mediante a apresenta\u00e7\u00e3o do cart\u00e3o de s\u00f3cio Apordoc e de um outro documento identificativo de identidade (apenas na Culturgest e Cinema S\u00e3o Jorge) \u2013 2\u20ac<br \/>\nBilhete com desconto para funcion\u00e1rios da C.M.L. (apenas no Cinema S\u00e3o Jorge) \u2013 3,50\u20ac<br \/>\nGrupos Escolares (m\u00ednimo 10 pessoas) na Cinemateca Portuguesa\u2013 1,35\u20ac, mediante inscri\u00e7\u00e3o pr\u00e9via em projecto.educativo@dosliboa.org<br \/>\nGrupos Escolares (m\u00ednimo 10 pessoas) na Culturgest e Cinema S\u00e3o Jorge \u2013 1\u20ac, \u00e0 excep\u00e7\u00e3o das sess\u00f5es de abertura e encerramento e mediante inscri\u00e7\u00e3o pr\u00e9via em projecto.educativo@docliboa.org<\/p>\n<p><strong>Cinema de Urg\u00eancia<\/strong><br \/>\nSess\u00e3o de dia 24 de Outubro: aplicam-se as condi\u00e7\u00f5es gerais.<br \/>\nSess\u00f5es de dias 25 e 26 de Outubro: entrada mediante donativo que reverter\u00e1, respectivamente, para o colectivo Cacerola e o colectivo FreeSZFE.<br \/>\nSess\u00e3o de dia 27 de Outubro: entrada mediante donativo em g\u00e9neros alimentares que reverter\u00e1 para a Uni\u00e3o Audiovisual.<\/p>\n<p><strong>Vouchers<\/strong><br \/>\nVoucher de 5 bilhetes \u2013 16\u20ac<br \/>\nVoucher de 10 bilhetes \u2013 30\u20ac<br \/>\nVoucher de 20 bilhetes \u2013 55\u20ac<\/p>\n<p><strong>Acredita\u00e7\u00f5es<\/strong><br \/>\nDispon\u00edveis em doclisboa.org\/2021\/acreditacoes<\/p>\n<p><strong>Oficinas Docs 4 Kids para fam\u00edlias<\/strong><br \/>\nBilhete normal \u2013 4,50\u20ac<br \/>\nBilhete com desconto para s\u00f3cios da Apordoc ou da Funda\u00e7\u00e3o Inatel \u2013 3,50\u20ac<br \/>\nMediante inscri\u00e7\u00e3o pr\u00e9via atrav\u00e9s do formul\u00e1rio dispon\u00edvel em https:\/\/doclisboa.org\/2021\/ ou para projecto.educativo@doclisboa.org<\/p>\n<p><strong>Oficinas Docs 4 Kids para escolas<\/strong><br \/>\n1\u20acpor crian\u00e7a mediante inscri\u00e7\u00e3o pr\u00e9via atrav\u00e9s do formul\u00e1rio dispon\u00edvel em https:\/\/doclisboa.org\/2021\/ ou para projecto.educativo@doclisboa.org<\/p>\n<p><strong>Todos os filmes s\u00e3o legendados em portugu\u00eas e ingl\u00eas, excepto os filmes Alcindo, Bato Nebo \u2013 Chants to the Gods, Pride, Usinimage, A Voz e o Vazio: a Vez de Vassourinha e With Love #3 e as sess\u00f5es Carta Branca Colectivo Cacerola e O Meu Bairro \u00e9 Lisboa.<\/strong><\/p>\n<p><strong>Classifica\u00e7\u00e3o et\u00e1ria do Festival<\/strong><br \/>\nMaiores de 12 anos \u00e0 excep\u00e7\u00e3o de:<br \/>\n&#8211; 918 Nights, Archetypes, The Body Beautiful, The Enchantment of the Blue Sailors, Jackass 3D, Jojo, Madrid, Bad Life, Misconception, Pand\u00e9mica, There\u2019s no Tomorrow, Two Sons and a River of Blood \u2013 Maiores de 16 anos;<br \/>\n&#8211; Danse Macabre \u2013 Maiores de 18 anos.<\/p>\n<p><strong>Programa sujeito a altera\u00e7\u00f5es<\/strong><\/p>\n","protected":false},"excerpt":{"rendered":"<p>Venda virtual Bilhetes \u00e0 venda a partir de 7 de Outubro. Para sess\u00f5es na Culturgest e Cinema S\u00e3o Jorge em ticketline.sapo.pt. Para sess\u00f5es na Cinemateca Portuguesa e Museu do Oriente em bol.pt. Para sess\u00f5es no Cinema City Campo Pequeno em cinemacity.pt ou na app Cinema City. Venda f\u00edsica Bilhetes \u00e0 venda a partir de 7 [&hellip;]<\/p>\n","protected":false},"author":1,"featured_media":0,"parent":255,"menu_order":1,"comment_status":"closed","ping_status":"closed","template":"template-texto.php","meta":{"inline_featured_image":false,"_monsterinsights_skip_tracking":false,"_monsterinsights_sitenote_active":false,"_monsterinsights_sitenote_note":"","_monsterinsights_sitenote_category":0,"footnotes":""},"class_list":["post-259","page","type-page","status-publish","hentry"],"acf":[],"yoast_head":"<!-- This site is optimized with the Yoast SEO plugin v17.9 - https:\/\/yoast.com\/wordpress\/plugins\/seo\/ -->\n<meta name=\"robots\" content=\"index, follow, max-snippet:-1, max-image-preview:large, max-video-preview:-1\" \/>\n<link rel=\"canonical\" href=\"https:\/\/doclisboa.org\/2021\/informacoes\/bilhetes\/\" \/>\n<meta property=\"og:locale\" content=\"pt_PT\" \/>\n<meta property=\"og:type\" content=\"article\" \/>\n<meta property=\"og:title\" content=\"Bilhetes - Doclisboa 2021\" \/>\n<meta property=\"og:description\" content=\"Venda virtual Bilhetes \u00e0 venda a partir de 7 de Outubro. Para sess\u00f5es na Culturgest e Cinema S\u00e3o Jorge em ticketline.sapo.pt. Para sess\u00f5es na Cinemateca Portuguesa e Museu do Oriente em bol.pt. Para sess\u00f5es no Cinema City Campo Pequeno em cinemacity.pt ou na app Cinema City. Venda f\u00edsica Bilhetes \u00e0 venda a partir de 7 [&hellip;]\" \/>\n<meta property=\"og:url\" content=\"https:\/\/doclisboa.org\/2021\/informacoes\/bilhetes\/\" \/>\n<meta property=\"og:site_name\" content=\"Doclisboa 2021\" \/>\n<meta property=\"article:modified_time\" content=\"2021-10-13T12:49:34+00:00\" \/>\n<meta property=\"og:image\" content=\"https:\/\/doclisboa.org\/2021\/wp-content\/uploads\/2021\/10\/cropped-doclisboa-facebook-1800x945.png\" \/>\n\t<meta property=\"og:image:width\" content=\"1800\" \/>\n\t<meta property=\"og:image:height\" content=\"945\" \/>\n\t<meta property=\"og:image:type\" content=\"image\/png\" \/>\n<meta name=\"twitter:card\" content=\"summary_large_image\" \/>\n<meta name=\"twitter:label1\" content=\"Tempo estimado de leitura\" \/>\n\t<meta name=\"twitter:data1\" content=\"4 minutos\" \/>\n<script type=\"application\/ld+json\" class=\"yoast-schema-graph\">{\"@context\":\"https:\/\/schema.org\",\"@graph\":[{\"@type\":\"Organization\",\"@id\":\"https:\/\/doclisboa.org\/2021\/#organization\",\"name\":\"Doclisboa\",\"url\":\"https:\/\/doclisboa.org\/2021\/\",\"sameAs\":[],\"logo\":{\"@type\":\"ImageObject\",\"@id\":\"https:\/\/doclisboa.org\/2021\/#logo\",\"inLanguage\":\"pt-PT\",\"url\":\"https:\/\/doclisboa.org\/2021\/wp-content\/uploads\/2021\/10\/banner-mobile-doclisboa.jpg\",\"contentUrl\":\"https:\/\/doclisboa.org\/2021\/wp-content\/uploads\/2021\/10\/banner-mobile-doclisboa.jpg\",\"width\":1800,\"height\":1800,\"caption\":\"Doclisboa\"},\"image\":{\"@id\":\"https:\/\/doclisboa.org\/2021\/#logo\"}},{\"@type\":\"WebSite\",\"@id\":\"https:\/\/doclisboa.org\/2021\/#website\",\"url\":\"https:\/\/doclisboa.org\/2021\/\",\"name\":\"Doclisboa 2021\",\"description\":\"19\\u00ba Festival Internacional de Cinema\",\"publisher\":{\"@id\":\"https:\/\/doclisboa.org\/2021\/#organization\"},\"potentialAction\":[{\"@type\":\"SearchAction\",\"target\":{\"@type\":\"EntryPoint\",\"urlTemplate\":\"https:\/\/doclisboa.org\/2021\/?s={search_term_string}\"},\"query-input\":\"required name=search_term_string\"}],\"inLanguage\":\"pt-PT\"},{\"@type\":\"WebPage\",\"@id\":\"https:\/\/doclisboa.org\/2021\/informacoes\/bilhetes\/#webpage\",\"url\":\"https:\/\/doclisboa.org\/2021\/informacoes\/bilhetes\/\",\"name\":\"Bilhetes - Doclisboa 2021\",\"isPartOf\":{\"@id\":\"https:\/\/doclisboa.org\/2021\/#website\"},\"datePublished\":\"2021-09-21T14:18:27+00:00\",\"dateModified\":\"2021-10-13T12:49:34+00:00\",\"breadcrumb\":{\"@id\":\"https:\/\/doclisboa.org\/2021\/informacoes\/bilhetes\/#breadcrumb\"},\"inLanguage\":\"pt-PT\",\"potentialAction\":[{\"@type\":\"ReadAction\",\"target\":[\"https:\/\/doclisboa.org\/2021\/informacoes\/bilhetes\/\"]}]},{\"@type\":\"BreadcrumbList\",\"@id\":\"https:\/\/doclisboa.org\/2021\/informacoes\/bilhetes\/#breadcrumb\",\"itemListElement\":[{\"@type\":\"ListItem\",\"position\":1,\"name\":\"In\\u00edcio\",\"item\":\"https:\/\/doclisboa.org\/2021\/\"},{\"@type\":\"ListItem\",\"position\":2,\"name\":\"Informa\\u00e7\\u00f5es\",\"item\":\"https:\/\/doclisboa.org\/2021\/informacoes\/\"},{\"@type\":\"ListItem\",\"position\":3,\"name\":\"Bilhetes\"}]}]}<\/script>\n<!-- \/ Yoast SEO plugin. -->","yoast_head_json":{"robots":{"index":"index","follow":"follow","max-snippet":"max-snippet:-1","max-image-preview":"max-image-preview:large","max-video-preview":"max-video-preview:-1"},"canonical":"https:\/\/doclisboa.org\/2021\/informacoes\/bilhetes\/","og_locale":"pt_PT","og_type":"article","og_title":"Bilhetes - Doclisboa 2021","og_description":"Venda virtual Bilhetes \u00e0 venda a partir de 7 de Outubro. Para sess\u00f5es na Culturgest e Cinema S\u00e3o Jorge em ticketline.sapo.pt. Para sess\u00f5es na Cinemateca Portuguesa e Museu do Oriente em bol.pt. Para sess\u00f5es no Cinema City Campo Pequeno em cinemacity.pt ou na app Cinema City. Venda f\u00edsica Bilhetes \u00e0 venda a partir de 7 [&hellip;]","og_url":"https:\/\/doclisboa.org\/2021\/informacoes\/bilhetes\/","og_site_name":"Doclisboa 2021","article_modified_time":"2021-10-13T12:49:34+00:00","og_image":[{"width":1800,"height":945,"url":"https:\/\/doclisboa.org\/2021\/wp-content\/uploads\/2021\/10\/cropped-doclisboa-facebook-1800x945.png","type":"image\/png"}],"twitter_card":"summary_large_image","twitter_misc":{"Tempo estimado de leitura":"4 minutos"},"schema":{"@context":"https:\/\/schema.org","@graph":[{"@type":"Organization","@id":"https:\/\/doclisboa.org\/2021\/#organization","name":"Doclisboa","url":"https:\/\/doclisboa.org\/2021\/","sameAs":[],"logo":{"@type":"ImageObject","@id":"https:\/\/doclisboa.org\/2021\/#logo","inLanguage":"pt-PT","url":"https:\/\/doclisboa.org\/2021\/wp-content\/uploads\/2021\/10\/banner-mobile-doclisboa.jpg","contentUrl":"https:\/\/doclisboa.org\/2021\/wp-content\/uploads\/2021\/10\/banner-mobile-doclisboa.jpg","width":1800,"height":1800,"caption":"Doclisboa"},"image":{"@id":"https:\/\/doclisboa.org\/2021\/#logo"}},{"@type":"WebSite","@id":"https:\/\/doclisboa.org\/2021\/#website","url":"https:\/\/doclisboa.org\/2021\/","name":"Doclisboa 2021","description":"19\u00ba Festival Internacional de Cinema","publisher":{"@id":"https:\/\/doclisboa.org\/2021\/#organization"},"potentialAction":[{"@type":"SearchAction","target":{"@type":"EntryPoint","urlTemplate":"https:\/\/doclisboa.org\/2021\/?s={search_term_string}"},"query-input":"required name=search_term_string"}],"inLanguage":"pt-PT"},{"@type":"WebPage","@id":"https:\/\/doclisboa.org\/2021\/informacoes\/bilhetes\/#webpage","url":"https:\/\/doclisboa.org\/2021\/informacoes\/bilhetes\/","name":"Bilhetes - Doclisboa 2021","isPartOf":{"@id":"https:\/\/doclisboa.org\/2021\/#website"},"datePublished":"2021-09-21T14:18:27+00:00","dateModified":"2021-10-13T12:49:34+00:00","breadcrumb":{"@id":"https:\/\/doclisboa.org\/2021\/informacoes\/bilhetes\/#breadcrumb"},"inLanguage":"pt-PT","potentialAction":[{"@type":"ReadAction","target":["https:\/\/doclisboa.org\/2021\/informacoes\/bilhetes\/"]}]},{"@type":"BreadcrumbList","@id":"https:\/\/doclisboa.org\/2021\/informacoes\/bilhetes\/#breadcrumb","itemListElement":[{"@type":"ListItem","position":1,"name":"In\u00edcio","item":"https:\/\/doclisboa.org\/2021\/"},{"@type":"ListItem","position":2,"name":"Informa\u00e7\u00f5es","item":"https:\/\/doclisboa.org\/2021\/informacoes\/"},{"@type":"ListItem","position":3,"name":"Bilhetes"}]}]}},"_links":{"self":[{"href":"https:\/\/doclisboa.org\/2021\/wp-json\/wp\/v2\/pages\/259","targetHints":{"allow":["GET"]}}],"collection":[{"href":"https:\/\/doclisboa.org\/2021\/wp-json\/wp\/v2\/pages"}],"about":[{"href":"https:\/\/doclisboa.org\/2021\/wp-json\/wp\/v2\/types\/page"}],"author":[{"embeddable":true,"href":"https:\/\/doclisboa.org\/2021\/wp-json\/wp\/v2\/users\/1"}],"replies":[{"embeddable":true,"href":"https:\/\/doclisboa.org\/2021\/wp-json\/wp\/v2\/comments?post=259"}],"version-history":[{"count":5,"href":"https:\/\/doclisboa.org\/2021\/wp-json\/wp\/v2\/pages\/259\/revisions"}],"predecessor-version":[{"id":24241,"href":"https:\/\/doclisboa.org\/2021\/wp-json\/wp\/v2\/pages\/259\/revisions\/24241"}],"up":[{"embeddable":true,"href":"https:\/\/doclisboa.org\/2021\/wp-json\/wp\/v2\/pages\/255"}],"wp:attachment":[{"href":"https:\/\/doclisboa.org\/2021\/wp-json\/wp\/v2\/media?parent=259"}],"curies":[{"name":"wp","href":"https:\/\/api.w.org\/{rel}","templated":true}]}}